{"id":2899,"date":"2025-07-23T14:19:54","date_gmt":"2025-07-23T14:19:54","guid":{"rendered":"https:\/\/nilabindu.com\/?page_id=2899"},"modified":"2025-09-26T21:55:08","modified_gmt":"2025-09-26T21:55:08","slug":"reserve","status":"publish","type":"page","link":"https:\/\/nilabindu.com\/fi\/reserve\/","title":{"rendered":"Varaa"},"content":{"rendered":"<div class=\"wp-block-uagb-container uagb-block-64be849f alignfull uagb-is-root-container\"><div class=\"uagb-container-inner-blocks-wrap\">\n<div class=\"wp-block-uagb-advanced-heading uagb-block-ad49fd33\"><div class=\"uagb-separator\"><\/div><h2 class=\"uagb-heading-text\">Varaa<\/h2><\/div>\n\n\n\n<div class=\"wp-block-uagb-container uagb-layout-grid uagb-block-96481c69 alignfull uagb-is-root-container\"><div class=\"uagb-container-inner-blocks-wrap\">\n<div class=\"wp-block-uagb-container uagb-block-96ddfad9\">\n<details class=\"wp-block-details has-ast-global-color-4-color has-text-color has-link-color wp-elements-0407a5c1df03886f0709a482ca871cdb is-layout-flow wp-block-details-is-layout-flow\" open><summary><strong>Varaus on sitova ja edellytt\u00e4\u00e4 maksua.<\/strong><\/summary>\n<p class=\"has-ast-global-color-4-color has-text-color has-link-color wp-elements-2aa7101bad2897c78306d5e8d965207c\">Tekem\u00e4ll\u00e4 varauksen lomakkeen kautta hyv\u00e4ksyt, ett\u00e4 et\u00e4myynnin peruuttamisoikeutta ei sovelleta. Varauksen j\u00e4lkeen sovelletaan peruutusehtojamme.<\/p>\n<\/details>\n\n\n\n<div class=\"wp-block-columns is-layout-flex wp-container-core-columns-is-layout-28f84493 wp-block-columns-is-layout-flex\">\n<div class=\"wp-block-column is-layout-flow wp-block-column-is-layout-flow\">\n<div id=\"vello-calendar-wrapper\" style=\"width: 100%; overflow-x: auto;\">\n  <div id=\"vello-calendar-container\" style=\"width: 100%; max-width: 100%;\"><\/div>\n<\/div>\n\n<script>\n  const lang = window.location.pathname.startsWith('\/fi') ? 'fi' : 'en';\n  const script = document.createElement('script');\n  script.async = true;\n  script.src = \"https:\/\/static.vello.fi\/embed\/v1.js\";\n  script.setAttribute('data-url', 'nilabindu'); \/\/ Replace with your Vello business ID\n  script.setAttribute('data-lang', lang);\n  document.getElementById(\"vello-calendar-container\").appendChild(script);\n<\/script>\n<\/div>\n<\/div>\n<\/div>\n<\/div><\/div>\n<\/div><\/div>","protected":false},"excerpt":{"rendered":"<p>Varaa<\/p>","protected":false},"author":1,"featured_media":2750,"parent":0,"menu_order":0,"comment_status":"closed","ping_status":"closed","template":"","meta":{"om_disable_all_campaigns":false,"_uag_custom_page_level_css":"","_monsterinsights_skip_tracking":false,"_monsterinsights_sitenote_active":false,"_monsterinsights_sitenote_note":"","_monsterinsights_sitenote_category":0,"site-sidebar-layout":"no-sidebar","site-content-layout":"plain-container","ast-site-content-layout":"normal-width-container","site-content-style":"unboxed","site-sidebar-style":"unboxed","ast-global-header-display":"","ast-banner-title-visibility":"","ast-main-header-display":"","ast-hfb-above-header-display":"","ast-hfb-below-header-display":"","ast-hfb-mobile-header-display":"","site-post-title":"disabled","ast-breadcrumbs-content":"","ast-featured-img":"disabled","footer-sml-layout":"","ast-disable-related-posts":"","theme-transparent-header-meta":"default","adv-header-id-meta":"","stick-header-meta":"","header-above-stick-meta":"","header-main-stick-meta":"","header-below-stick-meta":"","astra-migrate-meta-layouts":"set","ast-page-background-enabled":"default","ast-page-background-meta":{"desktop":{"background-color":"","background-image":"","background-repeat":"repeat","background-position":"center center","background-size":"auto","background-attachment":"scroll","background-type":"","background-media":"","overlay-type":"","overlay-color":"","overlay-opacity":"","overlay-gradient":""},"tablet":{"background-color":"","background-image":"","background-repeat":"repeat","background-position":"center center","background-size":"auto","background-attachment":"scroll","background-type":"","background-media":"","overlay-type":"","overlay-color":"","overlay-opacity":"","overlay-gradient":""},"mobile":{"background-color":"","background-image":"","background-repeat":"repeat","background-position":"center center","background-size":"auto","background-attachment":"scroll","background-type":"","background-media":"","overlay-type":"","overlay-color":"","overlay-opacity":"","overlay-gradient":""}},"ast-content-background-meta":{"desktop":{"background-color":"var(--ast-global-color-5)","background-image":"","background-repeat":"repeat","background-position":"center center","background-size":"auto","background-attachment":"scroll","background-type":"","background-media":"","overlay-type":"","overlay-color":"","overlay-opacity":"","overlay-gradient":""},"tablet":{"background-color":"var(--ast-global-color-5)","background-image":"","background-repeat":"repeat","background-position":"center center","background-size":"auto","background-attachment":"scroll","background-type":"","background-media":"","overlay-type":"","overlay-color":"","overlay-opacity":"","overlay-gradient":""},"mobile":{"background-color":"var(--ast-global-color-5)","background-image":"","background-repeat":"repeat","background-position":"center center","background-size":"auto","background-attachment":"scroll","background-type":"","background-media":"","overlay-type":"","overlay-color":"","overlay-opacity":"","overlay-gradient":""}},"_glsr_average":0,"_glsr_ranking":0,"_glsr_reviews":0,"footnotes":""},"class_list":["post-2899","page","type-page","status-publish","has-post-thumbnail","hentry"],"aioseo_notices":[],"uagb_featured_image_src":{"full":["https:\/\/nilabindu.com\/wp-content\/uploads\/2025\/06\/InShot_20250404_132145748-2-scaled-e1749979865862.jpg",1660,853,false],"thumbnail":["https:\/\/nilabindu.com\/wp-content\/uploads\/2025\/06\/InShot_20250404_132145748-2-scaled-e1749979865862-150x150.jpg",150,150,true],"medium":["https:\/\/nilabindu.com\/wp-content\/uploads\/2025\/06\/InShot_20250404_132145748-2-scaled-e1749979865862-300x154.jpg",300,154,true],"medium_large":["https:\/\/nilabindu.com\/wp-content\/uploads\/2025\/06\/InShot_20250404_132145748-2-scaled-e1749979865862-768x395.jpg",768,395,true],"large":["https:\/\/nilabindu.com\/wp-content\/uploads\/2025\/06\/InShot_20250404_132145748-2-scaled-e1749979865862-1024x526.jpg",1024,526,true],"1536x1536":["https:\/\/nilabindu.com\/wp-content\/uploads\/2025\/06\/InShot_20250404_132145748-2-scaled-e1749979865862-1536x789.jpg",1536,789,true],"2048x2048":["https:\/\/nilabindu.com\/wp-content\/uploads\/2025\/06\/InShot_20250404_132145748-2-2048x684.jpg",2048,684,true],"trp-custom-language-flag":["https:\/\/nilabindu.com\/wp-content\/uploads\/2025\/06\/InShot_20250404_132145748-2-scaled-e1749979865862-18x9.jpg",18,9,true],"woocommerce_thumbnail":["https:\/\/nilabindu.com\/wp-content\/uploads\/2025\/06\/InShot_20250404_132145748-2-scaled-e1749979865862-300x300.jpg",300,300,true],"woocommerce_single":["https:\/\/nilabindu.com\/wp-content\/uploads\/2025\/06\/InShot_20250404_132145748-2-scaled-e1749979865862-600x308.jpg",600,308,true],"woocommerce_gallery_thumbnail":["https:\/\/nilabindu.com\/wp-content\/uploads\/2025\/06\/InShot_20250404_132145748-2-scaled-e1749979865862-100x100.jpg",100,100,true]},"uagb_author_info":{"display_name":"reikinilabindu@gmail.com","author_link":"https:\/\/nilabindu.com\/fi\/author\/reikinilabindugmail-com\/"},"uagb_comment_info":0,"uagb_excerpt":"Reserve","_links":{"self":[{"href":"https:\/\/nilabindu.com\/fi\/wp-json\/wp\/v2\/pages\/2899","targetHints":{"allow":["GET"]}}],"collection":[{"href":"https:\/\/nilabindu.com\/fi\/wp-json\/wp\/v2\/pages"}],"about":[{"href":"https:\/\/nilabindu.com\/fi\/wp-json\/wp\/v2\/types\/page"}],"author":[{"embeddable":true,"href":"https:\/\/nilabindu.com\/fi\/wp-json\/wp\/v2\/users\/1"}],"replies":[{"embeddable":true,"href":"https:\/\/nilabindu.com\/fi\/wp-json\/wp\/v2\/comments?post=2899"}],"version-history":[{"count":16,"href":"https:\/\/nilabindu.com\/fi\/wp-json\/wp\/v2\/pages\/2899\/revisions"}],"predecessor-version":[{"id":3204,"href":"https:\/\/nilabindu.com\/fi\/wp-json\/wp\/v2\/pages\/2899\/revisions\/3204"}],"wp:featuredmedia":[{"embeddable":true,"href":"https:\/\/nilabindu.com\/fi\/wp-json\/wp\/v2\/media\/2750"}],"wp:attachment":[{"href":"https:\/\/nilabindu.com\/fi\/wp-json\/wp\/v2\/media?parent=2899"}],"curies":[{"name":"wp","href":"https:\/\/api.w.org\/{rel}","templated":true}]}}