{"id":2567,"date":"2025-06-14T12:28:25","date_gmt":"2025-06-14T12:28:25","guid":{"rendered":"https:\/\/nilabindu.com\/?page_id=2567"},"modified":"2025-07-27T15:05:32","modified_gmt":"2025-07-27T15:05:32","slug":"leave-a-review","status":"publish","type":"page","link":"https:\/\/nilabindu.com\/fi\/leave-a-review\/","title":{"rendered":"J\u00e4t\u00e4 arvostelu"},"content":{"rendered":"<div class=\"wp-block-uagb-container uagb-block-b2563c59 alignfull uagb-is-root-container\"><div class=\"uagb-container-inner-blocks-wrap\">\n<div class=\"wp-block-uagb-container uagb-block-015a8951\">\n<div class=\"wp-block-columns is-layout-flex wp-container-core-columns-is-layout-28f84493 wp-block-columns-is-layout-flex\">\n<div class=\"wp-block-column is-layout-flow wp-block-column-is-layout-flow\">\n<div class=\"wp-block-uagb-container uagb-block-ceaabea0\">\n<h2 class=\"wp-block-heading\">J\u00e4t\u00e4 arvostelu<\/h2>\n\n\n\n<p>Kerro meille kokemuksestasi t\u00e4ytt\u00e4m\u00e4ll\u00e4 alla oleva lomake.<\/p>\n\n\n<div class=\"glsr glsr-default\" id=\"glsr_5d8844cd\" data-from=\"shortcode\" data-shortcode=\"site_reviews_form\" data-assigned_posts=\"2567\"><div class=\"glsr-form-wrap\">\n    <form class=\"glsr-review-form glsr-form\" method=\"post\" enctype=\"multipart\/form-data\" action=\"\">\n        <input type=\"hidden\" name=\"site-reviews[_action]\" value=\"submit-review\" \/>\n<input type=\"hidden\" name=\"site-reviews[_nonce]\" value=\"d7d0751598\" \/>\n<input type=\"hidden\" name=\"site-reviews[_post_id]\" value=\"2567\" \/>\n<input type=\"hidden\" name=\"site-reviews[_referer]\" value=\"\" \/>\n<input type=\"hidden\" name=\"site-reviews[assigned_posts]\" value=\"2567\" \/>\n<input type=\"hidden\" name=\"site-reviews[assigned_terms]\" value=\"\" \/>\n<input type=\"hidden\" name=\"site-reviews[assigned_users]\" value=\"\" \/>\n<input type=\"hidden\" name=\"site-reviews[excluded]\" value=\"\" \/>\n<input type=\"hidden\" name=\"site-reviews[form_id]\" value=\"glsr_5d8844cd\" \/>\n<input type=\"hidden\" name=\"site-reviews[terms_exist]\" value=\"1\" \/>\n<input type=\"hidden\" name=\"site-reviews[form_signature]\" value=\"fgqdL07AO8ygyknlsZzPfqy9aq3jfKHPUHjQ15Qz606xYEje-KVRa_Tea-nU059m5Z0kKUiAVltR_4lVomr70GstxotXzHP1O33bixnED7Sb-7X6dN-vLf4GfavQztRsF_iaCgQxu9jS0_OBiIXIBVX4blZTSxJi0cAvam0snatpqcQp1JZWc7_7cfysOe9OGPTq2OMBSf2ZnTOLu7I37uKA4GfDzVGe--iRSS1LIKVpabXQA-cUSrZz2TsQcTDsoMTTu90qFaTbBCRhzGAX7pFactT6EzWcFNuEA4oqUlwo52xMk9NsDXTAbdbR9TbG9XWJNFgbIHm3vG9rHKG-pIDtXisYu2A3cl98a26fhX6eV7s5cdCGRtAAKSbiBo7RcMoU-_ZbO754YXSdBLi43TWwlN0EuYB2\" \/>\n<div class=\"glsr-field\" style=\"display:none;\"><label for=\"site-reviews-28192721-glsr_5d8844cd\">Your review<\/label><input type=\"text\" class=\"glsr-input glsr-input-text\" id=\"site-reviews-28192721-glsr_5d8844cd\" name=\"site-reviews[28192721]\" value=\"\" \/><\/div>\n<div class=\"glsr-field glsr-field-rating\" data-field=\"rating\">\n    <label class=\"glsr-label\" for=\"glsr_5d8844cd-rating\">\n    <span>Your overall rating<\/span>\n<\/label>\n    <select class=\"browser-default disable-select no_wrap no-wrap glsr-select\" id=\"glsr_5d8844cd-rating\" name=\"site-reviews[rating]\"><option value=\"\">Select a Rating<\/option><option value=\"5\">5 Stars<\/option><option value=\"4\">4 Stars<\/option><option value=\"3\">3 Stars<\/option><option value=\"2\">2 Stars<\/option><option value=\"1\">1 Star<\/option><\/select>\n    <div class=\"glsr-field-error\"><\/div>\n<\/div>\n<div class=\"glsr-field glsr-field-text\" data-field=\"title\">\n    <label class=\"glsr-label\" for=\"glsr_5d8844cd-title\">\n    <span>Title of your review<\/span>\n<\/label>\n    <input type=\"text\" class=\"glsr-input glsr-input-text\" id=\"glsr_5d8844cd-title\" name=\"site-reviews[title]\" placeholder=\"Summarize your review or highlight an interesting detail\" value=\"\" \/>\n    <div class=\"glsr-field-error\"><\/div>\n<\/div>\n<div class=\"glsr-field glsr-field-textarea glsr-required\" data-field=\"content\">\n    <label class=\"glsr-label\" for=\"glsr_5d8844cd-content\">\n    <span>Your review<\/span>\n<\/label>\n    <textarea class=\"glsr-textarea\" id=\"glsr_5d8844cd-content\" name=\"site-reviews[content]\" required placeholder=\"Kerro meille kokemuksestasi\" rows=\"5\"><\/textarea>\n    <div class=\"glsr-field-error\"><\/div>\n<\/div>\n<div class=\"glsr-field glsr-field-text glsr-required\" data-field=\"name\">\n    <label class=\"glsr-label\" for=\"glsr_5d8844cd-name\">\n    <span>Nimi<\/span>\n<\/label>\n    <input type=\"text\" class=\"glsr-input glsr-input-text\" id=\"glsr_5d8844cd-name\" name=\"site-reviews[name]\" required placeholder=\"Nimesi\" value=\"\" \/>\n    <div class=\"glsr-field-error\"><\/div>\n<\/div>\n<div class=\"glsr-field glsr-field-email glsr-required\" data-field=\"email\">\n    <label class=\"glsr-label\" for=\"glsr_5d8844cd-email\">\n    <span>S\u00e4hk\u00f6posti<\/span>\n<\/label>\n    <input type=\"email\" class=\"glsr-input glsr-input-email\" id=\"glsr_5d8844cd-email\" name=\"site-reviews[email]\" required placeholder=\"S\u00e4hk\u00f6postiosoitteesi\" value=\"\" \/>\n    <div class=\"glsr-field-error\"><\/div>\n<\/div>\n<div class=\"glsr-field glsr-field-choice glsr-required\" data-field=\"terms\">\n    \n    <span class=\"glsr-field-toggle\">\n    <span class=\"glsr-toggle\">\n        <label for=\"glsr_5d8844cd-terms-1\">Hyv\u00e4ksyn, ett\u00e4 arvosteluni ja nimeni julkaistaan (s\u00e4hk\u00f6postiosoite pysyy yksityisen\u00e4), ja ett\u00e4 t\u00e4m\u00e4 arvostelu perustuu omaan kokemukseeni.<\/label>\n        <span class=\"glsr-toggle-switch\">\n            <input type=\"checkbox\" class=\"glsr-input-toggle\" id=\"glsr_5d8844cd-terms-1\" name=\"site-reviews[terms]\" required value=\"1\" \/> &#8203; <!-- zero-space character used for alignment -->\n            <span class=\"glsr-toggle-track\"><\/span>\n        <\/span>\n    <\/span>\n<\/span>\n    <div class=\"glsr-field-error\"><\/div>\n<\/div>\n        <div class=\"glsr-form-message\">\n    \n<\/div>\n        <div data-field=\"submit-button\">\n    <div class=\"wp-block-button\">\n        <button type=\"submit\" class=\"glsr-button wp-block-button__link\" aria-busy=\"false\" data-loading=\"Submitting, please wait...\">Submit Review<\/button>\n    <\/div>\n<\/div>\n    <input type=\"hidden\" name=\"trp-form-language\" value=\"fi\"\/><\/form>\n<\/div><\/div>\n<\/div>\n\n\n\n<p><\/p>\n<\/div>\n\n\n\n<div class=\"wp-block-column is-layout-flow wp-block-column-is-layout-flow\"><\/div>\n<\/div>\n<\/div>\n<\/div><\/div>\n\n\n\n<p><\/p>","protected":false},"excerpt":{"rendered":"<p>Leave a review Tell us about your experience by filling out the form below.<\/p>","protected":false},"author":1,"featured_media":2750,"parent":0,"menu_order":0,"comment_status":"closed","ping_status":"closed","template":"","meta":{"om_disable_all_campaigns":false,"_uag_custom_page_level_css":"","_monsterinsights_skip_tracking":false,"_monsterinsights_sitenote_active":false,"_monsterinsights_sitenote_note":"","_monsterinsights_sitenote_category":0,"site-sidebar-layout":"no-sidebar","site-content-layout":"plain-container","ast-site-content-layout":"normal-width-container","site-content-style":"unboxed","site-sidebar-style":"unboxed","ast-global-header-display":"","ast-banner-title-visibility":"","ast-main-header-display":"","ast-hfb-above-header-display":"","ast-hfb-below-header-display":"","ast-hfb-mobile-header-display":"","site-post-title":"disabled","ast-breadcrumbs-content":"","ast-featured-img":"disabled","footer-sml-layout":"","ast-disable-related-posts":"","theme-transparent-header-meta":"default","adv-header-id-meta":"","stick-header-meta":"","header-above-stick-meta":"","header-main-stick-meta":"","header-below-stick-meta":"","astra-migrate-meta-layouts":"set","ast-page-background-enabled":"default","ast-page-background-meta":{"desktop":{"background-color":"","background-image":"","background-repeat":"repeat","background-position":"center center","background-size":"auto","background-attachment":"scroll","background-type":"","background-media":"","overlay-type":"","overlay-color":"","overlay-opacity":"","overlay-gradient":""},"tablet":{"background-color":"","background-image":"","background-repeat":"repeat","background-position":"center center","background-size":"auto","background-attachment":"scroll","background-type":"","background-media":"","overlay-type":"","overlay-color":"","overlay-opacity":"","overlay-gradient":""},"mobile":{"background-color":"","background-image":"","background-repeat":"repeat","background-position":"center center","background-size":"auto","background-attachment":"scroll","background-type":"","background-media":"","overlay-type":"","overlay-color":"","overlay-opacity":"","overlay-gradient":""}},"ast-content-background-meta":{"desktop":{"background-color":"var(--ast-global-color-5)","background-image":"","background-repeat":"repeat","background-position":"center center","background-size":"auto","background-attachment":"scroll","background-type":"","background-media":"","overlay-type":"","overlay-color":"","overlay-opacity":"","overlay-gradient":""},"tablet":{"background-color":"var(--ast-global-color-5)","background-image":"","background-repeat":"repeat","background-position":"center center","background-size":"auto","background-attachment":"scroll","background-type":"","background-media":"","overlay-type":"","overlay-color":"","overlay-opacity":"","overlay-gradient":""},"mobile":{"background-color":"var(--ast-global-color-5)","background-image":"","background-repeat":"repeat","background-position":"center center","background-size":"auto","background-attachment":"scroll","background-type":"","background-media":"","overlay-type":"","overlay-color":"","overlay-opacity":"","overlay-gradient":""}},"_glsr_average":5,"_glsr_ranking":3.9285714285714,"_glsr_reviews":29,"footnotes":""},"class_list":["post-2567","page","type-page","status-publish","has-post-thumbnail","hentry"],"aioseo_notices":[],"uagb_featured_image_src":{"full":["https:\/\/nilabindu.com\/wp-content\/uploads\/2025\/06\/InShot_20250404_132145748-2-scaled-e1749979865862.jpg",1660,853,false],"thumbnail":["https:\/\/nilabindu.com\/wp-content\/uploads\/2025\/06\/InShot_20250404_132145748-2-scaled-e1749979865862-150x150.jpg",150,150,true],"medium":["https:\/\/nilabindu.com\/wp-content\/uploads\/2025\/06\/InShot_20250404_132145748-2-scaled-e1749979865862-300x154.jpg",300,154,true],"medium_large":["https:\/\/nilabindu.com\/wp-content\/uploads\/2025\/06\/InShot_20250404_132145748-2-scaled-e1749979865862-768x395.jpg",768,395,true],"large":["https:\/\/nilabindu.com\/wp-content\/uploads\/2025\/06\/InShot_20250404_132145748-2-scaled-e1749979865862-1024x526.jpg",1024,526,true],"1536x1536":["https:\/\/nilabindu.com\/wp-content\/uploads\/2025\/06\/InShot_20250404_132145748-2-scaled-e1749979865862-1536x789.jpg",1536,789,true],"2048x2048":["https:\/\/nilabindu.com\/wp-content\/uploads\/2025\/06\/InShot_20250404_132145748-2-2048x684.jpg",2048,684,true],"trp-custom-language-flag":["https:\/\/nilabindu.com\/wp-content\/uploads\/2025\/06\/InShot_20250404_132145748-2-scaled-e1749979865862-18x9.jpg",18,9,true],"woocommerce_thumbnail":["https:\/\/nilabindu.com\/wp-content\/uploads\/2025\/06\/InShot_20250404_132145748-2-scaled-e1749979865862-300x300.jpg",300,300,true],"woocommerce_single":["https:\/\/nilabindu.com\/wp-content\/uploads\/2025\/06\/InShot_20250404_132145748-2-scaled-e1749979865862-600x308.jpg",600,308,true],"woocommerce_gallery_thumbnail":["https:\/\/nilabindu.com\/wp-content\/uploads\/2025\/06\/InShot_20250404_132145748-2-scaled-e1749979865862-100x100.jpg",100,100,true]},"uagb_author_info":{"display_name":"reikinilabindu@gmail.com","author_link":"https:\/\/nilabindu.com\/fi\/author\/reikinilabindugmail-com\/"},"uagb_comment_info":0,"uagb_excerpt":"Leave a review Tell us about your experience by filling out the form below.","_links":{"self":[{"href":"https:\/\/nilabindu.com\/fi\/wp-json\/wp\/v2\/pages\/2567","targetHints":{"allow":["GET"]}}],"collection":[{"href":"https:\/\/nilabindu.com\/fi\/wp-json\/wp\/v2\/pages"}],"about":[{"href":"https:\/\/nilabindu.com\/fi\/wp-json\/wp\/v2\/types\/page"}],"author":[{"embeddable":true,"href":"https:\/\/nilabindu.com\/fi\/wp-json\/wp\/v2\/users\/1"}],"replies":[{"embeddable":true,"href":"https:\/\/nilabindu.com\/fi\/wp-json\/wp\/v2\/comments?post=2567"}],"version-history":[{"count":10,"href":"https:\/\/nilabindu.com\/fi\/wp-json\/wp\/v2\/pages\/2567\/revisions"}],"predecessor-version":[{"id":2608,"href":"https:\/\/nilabindu.com\/fi\/wp-json\/wp\/v2\/pages\/2567\/revisions\/2608"}],"wp:featuredmedia":[{"embeddable":true,"href":"https:\/\/nilabindu.com\/fi\/wp-json\/wp\/v2\/media\/2750"}],"wp:attachment":[{"href":"https:\/\/nilabindu.com\/fi\/wp-json\/wp\/v2\/media?parent=2567"}],"curies":[{"name":"wp","href":"https:\/\/api.w.org\/{rel}","templated":true}]}}