{"id":2444,"date":"2025-06-04T19:23:53","date_gmt":"2025-06-04T19:23:53","guid":{"rendered":"https:\/\/nilabindu.com\/?page_id=2444"},"modified":"2025-09-26T14:43:47","modified_gmt":"2025-09-26T14:43:47","slug":"sound-journey","status":"publish","type":"page","link":"https:\/\/nilabindu.com\/fi\/sound-journey\/","title":{"rendered":"\u00c4\u00e4nimatka"},"content":{"rendered":"<div class=\"wp-block-uagb-container uagb-block-c207693b alignfull uagb-is-root-container\"><div class=\"uagb-container__shape uagb-container__shape-bottom uagb-container__invert\" data-negative=\"false\"><svg xmlns=\"https:\/\/www.w3.org\/2000\/svg\" viewbox=\"0 0 2600 131.1\" preserveaspectratio=\"none\"><path class=\"uagb-container__shape-fill\" d=\"M0 0L2600 0 2600 69.1 0 0z\"><\/path><path class=\"uagb-container__shape-fill\" opacity=\"0.5\" d=\"M0 0L2600 0 2600 69.1 0 69.1z\"><\/path><path class=\"uagb-container__shape-fill\" opacity=\"0.25\" d=\"M2600 0L0 0 0 130.1 2600 69.1z\"><\/path><\/svg><\/div><\/div>\n\n\n\n<div class=\"wp-block-uagb-container uagb-block-318b6e29 alignfull uagb-is-root-container\"><div class=\"uagb-container-inner-blocks-wrap\"><h2 style=\"border-style:none;border-width:0px; margin-top:var(--wp--preset--spacing--60);margin-bottom:var(--wp--preset--spacing--60);margin-left:0;margin-right:0;\" class=\"has-text-align-center wp-block-post-title\">\u00c4\u00e4nimatka<\/h2>\n\n\n<div class=\"wp-block-uagb-container uagb-block-1ecea4b8\">\n<div class=\"wp-block-columns is-layout-flex wp-container-core-columns-is-layout-28f84493 wp-block-columns-is-layout-flex\">\n<div class=\"wp-block-column is-layout-flow wp-block-column-is-layout-flow\" style=\"flex-basis:50%\">\n<p class=\"translation-block\">\u00c4\u00e4nimatkat on suunniteltu ohjaamaan sinut sisimp\u00e4\u00e4si \u00e4\u00e4nten avulla. Jokainen matka kest\u00e4\u00e4 tunnin ja tarjoaa ainutlaatuisen el\u00e4myksen, joka kutsuu sinut tutkimaan ajatuksiasi ja tunteitasi. \ud83c\udf3f\u00a0<strong>Huomioithan, ett\u00e4 osallistujien tulee olla v\u00e4hint\u00e4\u00e4n 18-vuotiaita.<\/strong><br><br>\u00c4\u00e4nimatkan aikana uppoudut t\u00e4ysikuun \u00e4\u00e4nimaljojen, zen-kellojen ja muiden instrumenttien rauhoittaviin \u00e4\u00e4niin. N\u00e4iden soittimien s\u00e4vyt voivat auttaa sinua yhdistym\u00e4\u00e4n muistoihisi, l\u00f6yt\u00e4m\u00e4\u00e4n rauhan ja tuomaan esiin erilaisia tunteita. Jokainen matka luo ymp\u00e4rist\u00f6n, jossa voit rentoutua ja reflektoida yhteydess\u00e4 tarkoituksellisuuden ja kiitollisuuden rituaaleihin.<\/p>\n\n\n\n<details class=\"wp-block-details is-layout-flow wp-block-details-is-layout-flow\" open><summary><strong>Kuinka varata<\/strong><\/summary>\n<p>- Varaa aikasi tai tule vain drop-in<\/p>\n<\/details>\n\n\n\n<details class=\"wp-block-details is-layout-flow wp-block-details-is-layout-flow\" open><summary><strong>Session yksityiskohdat<\/strong><\/summary>\n<p>- Kesto:&nbsp;<strong>1 tunti<\/strong> (aloitus-valmistautuminen, \u00e4\u00e4nisessio, paluu tietoisuuteen)<br>- Paikka: Nilabindu hyvinvointitila (Leilankuja 4D, Espoo)<br>&#8211; <strong>Drop-in (Kertalippu): 19\u20ac<\/strong> - Huom: Henkil\u00f6t joilla on varaus ovat etusijalla.<\/p>\n<\/details>\n\n\n\n<details class=\"wp-block-details is-layout-flow wp-block-details-is-layout-flow\" open><summary><strong>Maksuehdot ja T\u00e4rkeit\u00e4 tietoja<\/strong><br><\/summary>\n<p>Hyv\u00e4ksytyt maksutavat varattaessa paikkasi lomakkeen kautta:<br>&#8211; <strong>Korttimaksu<\/strong> (paikan p\u00e4\u00e4ll\u00e4)<br>&#8211; <strong>K\u00e4teinen<\/strong> (tasaraha)<br>&#8211; <strong>Sarjakortti<\/strong>: 3x, 5x, 10x<br><\/p>\n\n\n\n<p class=\"translation-block\"><strong>Varaus on sitova ja edellytt\u00e4\u00e4 maksua.<\/strong>\n<br>Tekem\u00e4ll\u00e4 varauksen lomakkeen kautta hyv\u00e4ksyt, ett\u00e4 et\u00e4myynnin peruuttamisoikeutta ei sovelleta. Varauksen j\u00e4lkeen sovelletaan <a href=\"https:\/\/nilabindu.com\/fi\/terms-and-conditions\" title=\"\" target=\"_self\">peruutusehtojamme.<\/a><\/p>\n<\/details>\n\n\n\n<details class=\"wp-block-details is-layout-flow wp-block-details-is-layout-flow\" open><summary><strong>Mit\u00e4 ottaa mukaan<\/strong><\/summary>\n<p>- Joogamatot ja peitot ovat saatavilla Nilabindu hyvinvointitilassa (Leilankuja 4D, Espoo).<br>- Osallistujien tulee tuoda omat mukavuusv\u00e4lineet (esim. villasukat, silm\u00e4laput).<\/p>\n<\/details>\n\n\n\n<details class=\"wp-block-details is-layout-flow wp-block-details-is-layout-flow\" open><summary><strong>Lis\u00e4tietoja<\/strong><\/summary>\n<p>- Saavu ajoissa kunnioittaaksesi muiden kokemusta. Suositeltavaa on tulla 5-10 minuuttia ennen aloitusaikaa.<br>- Ota mukaan kaikki, mik\u00e4 lis\u00e4\u00e4 mukavuuttasi session aikana, kuten joogamatto, viltti, l\u00e4mmin vaatetus tai silm\u00e4laput.<br>- Pid\u00e4t\u00e4mme oikeuden peruuttaa session, mik\u00e4li v\u00e4himm\u00e4isosallistujam\u00e4\u00e4r\u00e4 ei t\u00e4yty. Ilmoitamme peruutuksesta v\u00e4hint\u00e4\u00e4n 3 tuntia ennen suunniteltua aloitusaikaa. T\u00e4ll\u00f6in voit valita uuden ajan, saada t\u00e4yden hyvityksen tai saada session takaisin kortillesi (jos k\u00e4ytit varaukseen sarjakorttia).<\/p>\n<\/details>\n\n\n\n<p><strong>Varaa sessiosi t\u00e4n\u00e4\u00e4n<\/strong><br>Anna itsellesi lahja olla hetki l\u00e4sn\u00e4 ja yhdisty sisimp\u00e4\u00e4si.<\/p>\n<\/div>\n\n\n\n<div class=\"wp-block-column is-layout-flow wp-block-column-is-layout-flow\"><\/div>\n\n\n\n<div class=\"wp-block-column is-layout-flow wp-block-column-is-layout-flow\" style=\"flex-basis:50%\">\n<div class=\"wp-block-buttons is-content-justification-center is-layout-flex wp-container-core-buttons-is-layout-a89b3969 wp-block-buttons-is-layout-flex\">\n<div class=\"wp-block-button\"><a class=\"wp-block-button__link has-medium-font-size has-custom-font-size wp-element-button\" href=\"https:\/\/nilabindu.com\/fi\/reserve\/\" style=\"padding-top:var(--wp--preset--spacing--50);padding-right:var(--wp--preset--spacing--60);padding-bottom:var(--wp--preset--spacing--50);padding-left:var(--wp--preset--spacing--60)\">Varaa<\/a><\/div>\n<\/div>\n\n\n\n<div class=\"wp-block-uagb-container uagb-block-9894c00d\">\n<p class=\"has-text-align-center\" style=\"border-style:none;border-width:0px;margin-top:0;margin-bottom:0\"><a href=\"https:\/\/nilabindu.com\/fi\/privacy-policy\/\" title=\"\"><span style=\"text-decoration: underline;\">Tietosuojak\u00e4yt\u00e4nt\u00f6<\/span><\/a> <strong>|<\/strong> <a href=\"https:\/\/nilabindu.com\/fi\/terms-and-conditions\/\" title=\"\"><span style=\"text-decoration: underline;\">K\u00e4ytt\u00f6ehdot<\/span><\/a><\/p>\n<\/div>\n\n\n\n<div class=\"wp-block-uagb-image aligncenter uagb-block-7f2114f4 wp-block-uagb-image--layout-default wp-block-uagb-image--effect-zoomin wp-block-uagb-image--align-center\"><figure class=\"wp-block-uagb-image__figure\"><img decoding=\"async\" srcset=\"https:\/\/nilabindu.com\/wp-content\/uploads\/2025\/05\/Jo-soundbath-e1749065330393-1024x745.jpeg ,https:\/\/nilabindu.com\/wp-content\/uploads\/2025\/05\/Jo-soundbath-e1749065330393.jpeg 780w, https:\/\/nilabindu.com\/wp-content\/uploads\/2025\/05\/Jo-soundbath-e1749065330393.jpeg 360w\" sizes=\"auto, (max-width: 480px) 150px\" src=\"https:\/\/nilabindu.com\/wp-content\/uploads\/2025\/05\/Jo-soundbath-e1749065330393-1024x745.jpeg\" alt=\"\" class=\"uag-image-2225\" width=\"864\" height=\"398\" title=\"Jo - soundbath\" loading=\"lazy\" role=\"img\"\/><\/figure><\/div>\n<\/div>\n<\/div>\n<\/div>\n<\/div><\/div>\n\n\n\n<div class=\"wp-block-uagb-container uagb-block-0dbb3e96 alignfull uagb-is-root-container\"><div class=\"uagb-container__shape uagb-container__shape-top\"><svg xmlns=\"https:\/\/www.w3.org\/2000\/svg\" viewbox=\"0 0 2600 131.1\" preserveaspectratio=\"none\"><path class=\"uagb-container__shape-fill\" d=\"M0 0L2600 0 2600 69.1 0 0z\"><\/path><path class=\"uagb-container__shape-fill\" opacity=\"0.5\" d=\"M0 0L2600 0 2600 69.1 0 69.1z\"><\/path><path class=\"uagb-container__shape-fill\" opacity=\"0.25\" d=\"M2600 0L0 0 0 130.1 2600 69.1z\"><\/path><\/svg><\/div><\/div>\n\n\n\n<p><\/p>","protected":false},"excerpt":{"rendered":"<p>Sound Journeys sessions are designed to guide you inward guided by the sounds. Each session lasts for one hour and offers a unique immersive experience that invites you to explore your thoughts and emotions. \ud83c\udf3f&nbsp;Please note that our sessions are intended exclusively for participants aged 18 and older. During a Sound Journey, you will be [&hellip;]<\/p>","protected":false},"author":1,"featured_media":2750,"parent":0,"menu_order":0,"comment_status":"closed","ping_status":"closed","template":"","meta":{"om_disable_all_campaigns":false,"_uag_custom_page_level_css":"","_monsterinsights_skip_tracking":false,"_monsterinsights_sitenote_active":false,"_monsterinsights_sitenote_note":"","_monsterinsights_sitenote_category":0,"site-sidebar-layout":"no-sidebar","site-content-layout":"plain-container","ast-site-content-layout":"normal-width-container","site-content-style":"unboxed","site-sidebar-style":"unboxed","ast-global-header-display":"","ast-banner-title-visibility":"","ast-main-header-display":"","ast-hfb-above-header-display":"","ast-hfb-below-header-display":"","ast-hfb-mobile-header-display":"","site-post-title":"disabled","ast-breadcrumbs-content":"","ast-featured-img":"disabled","footer-sml-layout":"","ast-disable-related-posts":"","theme-transparent-header-meta":"default","adv-header-id-meta":"","stick-header-meta":"","header-above-stick-meta":"","header-main-stick-meta":"","header-below-stick-meta":"","astra-migrate-meta-layouts":"set","ast-page-background-enabled":"default","ast-page-background-meta":{"desktop":{"background-color":"","background-image":"","background-repeat":"repeat","background-position":"center center","background-size":"auto","background-attachment":"scroll","background-type":"","background-media":"","overlay-type":"","overlay-color":"","overlay-opacity":"","overlay-gradient":""},"tablet":{"background-color":"","background-image":"","background-repeat":"repeat","background-position":"center center","background-size":"auto","background-attachment":"scroll","background-type":"","background-media":"","overlay-type":"","overlay-color":"","overlay-opacity":"","overlay-gradient":""},"mobile":{"background-color":"","background-image":"","background-repeat":"repeat","background-position":"center center","background-size":"auto","background-attachment":"scroll","background-type":"","background-media":"","overlay-type":"","overlay-color":"","overlay-opacity":"","overlay-gradient":""}},"ast-content-background-meta":{"desktop":{"background-color":"var(--ast-global-color-5)","background-image":"","background-repeat":"repeat","background-position":"center center","background-size":"auto","background-attachment":"scroll","background-type":"","background-media":"","overlay-type":"","overlay-color":"","overlay-opacity":"","overlay-gradient":""},"tablet":{"background-color":"var(--ast-global-color-5)","background-image":"","background-repeat":"repeat","background-position":"center center","background-size":"auto","background-attachment":"scroll","background-type":"","background-media":"","overlay-type":"","overlay-color":"","overlay-opacity":"","overlay-gradient":""},"mobile":{"background-color":"var(--ast-global-color-5)","background-image":"","background-repeat":"repeat","background-position":"center center","background-size":"auto","background-attachment":"scroll","background-type":"","background-media":"","overlay-type":"","overlay-color":"","overlay-opacity":"","overlay-gradient":""}},"_glsr_average":0,"_glsr_ranking":0,"_glsr_reviews":0,"footnotes":""},"class_list":["post-2444","page","type-page","status-publish","has-post-thumbnail","hentry"],"aioseo_notices":[],"uagb_featured_image_src":{"full":["https:\/\/nilabindu.com\/wp-content\/uploads\/2025\/06\/InShot_20250404_132145748-2-scaled-e1749979865862.jpg",1660,853,false],"thumbnail":["https:\/\/nilabindu.com\/wp-content\/uploads\/2025\/06\/InShot_20250404_132145748-2-scaled-e1749979865862-150x150.jpg",150,150,true],"medium":["https:\/\/nilabindu.com\/wp-content\/uploads\/2025\/06\/InShot_20250404_132145748-2-scaled-e1749979865862-300x154.jpg",300,154,true],"medium_large":["https:\/\/nilabindu.com\/wp-content\/uploads\/2025\/06\/InShot_20250404_132145748-2-scaled-e1749979865862-768x395.jpg",768,395,true],"large":["https:\/\/nilabindu.com\/wp-content\/uploads\/2025\/06\/InShot_20250404_132145748-2-scaled-e1749979865862-1024x526.jpg",1024,526,true],"1536x1536":["https:\/\/nilabindu.com\/wp-content\/uploads\/2025\/06\/InShot_20250404_132145748-2-scaled-e1749979865862-1536x789.jpg",1536,789,true],"2048x2048":["https:\/\/nilabindu.com\/wp-content\/uploads\/2025\/06\/InShot_20250404_132145748-2-2048x684.jpg",2048,684,true],"trp-custom-language-flag":["https:\/\/nilabindu.com\/wp-content\/uploads\/2025\/06\/InShot_20250404_132145748-2-scaled-e1749979865862-18x9.jpg",18,9,true],"woocommerce_thumbnail":["https:\/\/nilabindu.com\/wp-content\/uploads\/2025\/06\/InShot_20250404_132145748-2-scaled-e1749979865862-300x300.jpg",300,300,true],"woocommerce_single":["https:\/\/nilabindu.com\/wp-content\/uploads\/2025\/06\/InShot_20250404_132145748-2-scaled-e1749979865862-600x308.jpg",600,308,true],"woocommerce_gallery_thumbnail":["https:\/\/nilabindu.com\/wp-content\/uploads\/2025\/06\/InShot_20250404_132145748-2-scaled-e1749979865862-100x100.jpg",100,100,true]},"uagb_author_info":{"display_name":"reikinilabindu@gmail.com","author_link":"https:\/\/nilabindu.com\/fi\/author\/reikinilabindugmail-com\/"},"uagb_comment_info":0,"uagb_excerpt":"Sound Journeys sessions are designed to guide you inward guided by the sounds. Each session lasts for one hour and offers a unique immersive experience that invites you to explore your thoughts and emotions. \ud83c\udf3f&nbsp;Please note that our sessions are intended exclusively for participants aged 18 and older. During a Sound Journey, you will be&hellip;","_links":{"self":[{"href":"https:\/\/nilabindu.com\/fi\/wp-json\/wp\/v2\/pages\/2444","targetHints":{"allow":["GET"]}}],"collection":[{"href":"https:\/\/nilabindu.com\/fi\/wp-json\/wp\/v2\/pages"}],"about":[{"href":"https:\/\/nilabindu.com\/fi\/wp-json\/wp\/v2\/types\/page"}],"author":[{"embeddable":true,"href":"https:\/\/nilabindu.com\/fi\/wp-json\/wp\/v2\/users\/1"}],"replies":[{"embeddable":true,"href":"https:\/\/nilabindu.com\/fi\/wp-json\/wp\/v2\/comments?post=2444"}],"version-history":[{"count":28,"href":"https:\/\/nilabindu.com\/fi\/wp-json\/wp\/v2\/pages\/2444\/revisions"}],"predecessor-version":[{"id":3169,"href":"https:\/\/nilabindu.com\/fi\/wp-json\/wp\/v2\/pages\/2444\/revisions\/3169"}],"wp:featuredmedia":[{"embeddable":true,"href":"https:\/\/nilabindu.com\/fi\/wp-json\/wp\/v2\/media\/2750"}],"wp:attachment":[{"href":"https:\/\/nilabindu.com\/fi\/wp-json\/wp\/v2\/media?parent=2444"}],"curies":[{"name":"wp","href":"https:\/\/api.w.org\/{rel}","templated":true}]}}