{"id":2409,"date":"2025-06-04T12:19:09","date_gmt":"2025-06-04T12:19:09","guid":{"rendered":"https:\/\/nilabindu.com\/?page_id=2409"},"modified":"2025-07-27T15:04:55","modified_gmt":"2025-07-27T15:04:55","slug":"return-policy","status":"publish","type":"page","link":"https:\/\/nilabindu.com\/fi\/return-policy\/","title":{"rendered":"Palautusehdot"},"content":{"rendered":"<div class=\"wp-block-uagb-container uagb-block-b2563c59 alignfull uagb-is-root-container\"><div class=\"uagb-container-inner-blocks-wrap\">\n<div class=\"wp-block-columns is-layout-flex wp-container-core-columns-is-layout-28f84493 wp-block-columns-is-layout-flex\">\n<div class=\"wp-block-column is-layout-flow wp-block-column-is-layout-flow\" style=\"flex-basis:100%\">\n<div class=\"wp-block-uagb-container uagb-block-b54f67c1\">\n<h2 class=\"wp-block-heading has-ast-global-color-4-color has-text-color has-link-color wp-elements-02057d2ae2c1d72fc34e863373d13eb1\">Palautusehdot<\/h2>\n\n\n\n<p class=\"has-ast-global-color-4-color has-text-color has-link-color wp-elements-ab20dfec6304b06a9c4f832d6a3c332e\">Haluamme, ett\u00e4 olet t\u00e4ysin tyytyv\u00e4inen Nilabindulta tekem\u00e4\u00e4si ostokseen.<\/p>\n\n\n\n<p class=\"has-ast-global-color-4-color has-text-color has-link-color wp-elements-215b4aa1ae92f1a85c1c99af4db7afc4 translation-block\">Fyysisill\u00e4 tuotteilla (ei palveluilla), jotka on ostettu verkkosivustoltamme, on 14 p\u00e4iv\u00e4n palautus- ja peruutusoikeus, eli sinulla on oikeus palauttaa tuote tai peruuttaa tilaus<strong>14 p\u00e4iv\u00e4n kuluessa toimitusp\u00e4iv\u00e4st\u00e4.<br><\/strong>Palveluiden peruuttamista koskien katso peruutusehtomme <a href=\"https:\/\/nilabindu.com\/fi\/terms-and-conditions\/\" title=\"Terms and Conditions\" target=\"_self\"><span style=\"text-decoration: underline\"><strong>k\u00e4ytt\u00f6ehdoistamme<\/strong><\/span><\/a>.<\/p>\n\n\n\n<div class=\"wp-block-columns is-layout-flex wp-container-core-columns-is-layout-28f84493 wp-block-columns-is-layout-flex\">\n<div class=\"wp-block-column is-layout-flow wp-block-column-is-layout-flow\">\n<p class=\"has-ast-global-color-4-color has-text-color has-link-color wp-elements-e0b16c9e9d6b788e0648008d5d783f59 translation-block\"><strong>Palautuksen ehdot:<\/strong><br>- Tuote on palautettava <strong>alkuper\u00e4isess\u00e4 kunnossaan ja pakkauksessaan, ilman k\u00e4yt\u00f6n tai vaurioiden merkkej\u00e4<\/strong>. Huomioithan, ett\u00e4 emme voi hyv\u00e4ksy\u00e4 k\u00e4ytettyjen tai avattujen tuotteiden palautuksia.<br>- Palautuksen k\u00e4sittelyn helpottamiseksi liit\u00e4 mukaan <strong>tilausnumero<\/strong>, <strong>yhteystiedot<\/strong> sek\u00e4 <strong>tilinumerosi<\/strong> (jos tarpeen).<br>- K\u00e4sittelemme hyvityksen <strong>14 p\u00e4iv\u00e4n kuluessa<\/strong> tuotteen vastaanottamisesta.<br><br>Jos palautat <strong>virheellisen tuotteen<\/strong>, liit\u00e4 mukaan <strong>kuvaus viasta<\/strong>.<\/p>\n\n\n\n<p class=\"has-ast-global-color-4-color has-text-color has-link-color wp-elements-ef7c31cfc336eb19497a75fde52f4a0c translation-block\"><strong>Palautuskulut:<\/strong><br>- <strong>Olet vastuussa palautuskulujen kustannuksista<\/strong>, ellei tuote ole virheellinen tai tilauksessasi ole tapahtunut virhett\u00e4.<br>- Jos valitsit <strong>kalliimman toimitusvaihtoehdon<\/strong> kuin perustoimitus, hyvityksemme kattaa vain perustoimituksen kustannukset.<\/p>\n\n\n\n<p class=\"has-ast-global-color-4-color has-text-color has-link-color wp-elements-f986d21cfec37518886933c1a594a3bf\">Palautuksia koskien, tai jos sinulla on kysytt\u00e4v\u00e4\u00e4 tai huolenaiheita palautusk\u00e4yt\u00e4nn\u00f6st\u00e4mme, tai tarvitset apua palautusprosessissa, ota yhteytt\u00e4 osoitteeseen info@nilabindu.fi saadaksesi lis\u00e4ohjeita.<\/p>\n<\/div>\n\n\n\n<div class=\"wp-block-column is-layout-flow wp-block-column-is-layout-flow\">\n<div class=\"wp-block-uagb-container uagb-block-c72ab924\">\n<div class=\"wp-block-uagb-forms uagb-forms__outer-wrap uagb-block-2e18ce62 uagb-forms__medium-btn\"><form class=\"uagb-forms-main-form\" method=\"post\" autocomplete=\"on\" name=\"uagb-form-2e18ce62\" action=\"\">\n<div class=\"wp-block-uagb-forms-name uagb-forms-name-wrap uagb-forms-field-set uagb-block-21893e97\"><div class=\"uagb-forms-name-label required uagb-forms-input-label\" id=\"21893e97\">Nimi<\/div><input type=\"text\" placeholder=\"John\" required class=\"uagb-forms-name-input uagb-forms-input\" name=\"21893e97\" autocomplete=\"given-name\"\/><\/div>\n\n\n\n<div class=\"wp-block-uagb-forms-name uagb-forms-name-wrap uagb-forms-field-set uagb-block-da65c875\"><div class=\"uagb-forms-name-label required uagb-forms-input-label\" id=\"da65c875\">Tilausnumero<\/div><input type=\"text\" placeholder=\"Doe\" required class=\"uagb-forms-name-input uagb-forms-input\" name=\"da65c875\" autocomplete=\"family-name\"\/><\/div>\n\n\n\n<div class=\"wp-block-uagb-forms-email uagb-forms-email-wrap uagb-forms-field-set uagb-block-c78ed4bc\"><div class=\"uagb-forms-email-label required uagb-forms-input-label\" id=\"c78ed4bc\">S\u00e4hk\u00f6posti<\/div><input type=\"email\" class=\"uagb-forms-email-input uagb-forms-input\" placeholder=\"esimerkki@mail.com\" required name=\"c78ed4bc\" autocomplete=\"email\"\/><\/div>\n\n\n\n<div class=\"wp-block-uagb-forms-textarea uagb-forms-textarea-wrap uagb-forms-field-set uagb-block-1bffb1b4\"><div class=\"uagb-forms-textarea-label required uagb-forms-input-label\" id=\"1bffb1b4\">Viesti<\/div><textarea required class=\"uagb-forms-textarea-input uagb-forms-input\" rows=\"4\" placeholder=\"Kirjoita viestisi\" name=\"1bffb1b4\" autocomplete=\"off\"><\/textarea><\/div>\n<div class=\"uagb-forms-form-hidden-data\"><input type=\"hidden\" class=\"uagb_forms_form_label\" value=\"Spectra Form\"\/><input type=\"hidden\" class=\"uagb_forms_form_id\" value=\"uagb-form-2e18ce62\"\/><\/div><div class=\"uagb-form-reacaptcha-error-2e18ce62\"><\/div><div class=\"uagb-forms-main-submit-button-wrap wp-block-button\"><button class=\"uagb-forms-main-submit-button wp-block-button__link\"><div class=\"uagb-forms-main-submit-button-text\">L\u00e4het\u00e4<\/div><\/button><\/div><input type=\"hidden\" name=\"trp-form-language\" value=\"fi\"\/><\/form><div class=\"uagb-forms-success-message-2e18ce62 uagb-forms-submit-message-hide\"><span>The form has been submitted successfully!<\/span><\/div><div class=\"uagb-forms-failed-message-2e18ce62 uagb-forms-submit-message-hide\"><span>There has been some error while submitting the form. Please verify all form fields again.<\/span><\/div><\/div>\n<\/div>\n<\/div>\n<\/div>\n<\/div>\n<\/div>\n<\/div>\n<\/div><\/div>\n\n\n\n<p><\/p>","protected":false},"excerpt":{"rendered":"<p>Return Policy We want you to be completely satisfied with your purchase from Nilabindu. For returns of physical products (not services)&nbsp;purchased from our website, you have the right to withdraw&nbsp;within 14 days&nbsp;from the date of delivery.For cancellations of services please refer to our cancellation policy in our Terms and Conditions. To qualify for a return:&#8211; [&hellip;]<\/p>","protected":false},"author":1,"featured_media":2410,"parent":0,"menu_order":0,"comment_status":"closed","ping_status":"closed","template":"","meta":{"om_disable_all_campaigns":false,"_uag_custom_page_level_css":"","_monsterinsights_skip_tracking":false,"_monsterinsights_sitenote_active":false,"_monsterinsights_sitenote_note":"","_monsterinsights_sitenote_category":0,"site-sidebar-layout":"no-sidebar","site-content-layout":"plain-container","ast-site-content-layout":"normal-width-container","site-content-style":"unboxed","site-sidebar-style":"unboxed","ast-global-header-display":"","ast-banner-title-visibility":"","ast-main-header-display":"","ast-hfb-above-header-display":"","ast-hfb-below-header-display":"","ast-hfb-mobile-header-display":"","site-post-title":"disabled","ast-breadcrumbs-content":"","ast-featured-img":"disabled","footer-sml-layout":"","ast-disable-related-posts":"","theme-transparent-header-meta":"default","adv-header-id-meta":"","stick-header-meta":"","header-above-stick-meta":"","header-main-stick-meta":"","header-below-stick-meta":"","astra-migrate-meta-layouts":"set","ast-page-background-enabled":"default","ast-page-background-meta":{"desktop":{"background-color":"","background-image":"","background-repeat":"repeat","background-position":"center center","background-size":"auto","background-attachment":"scroll","background-type":"","background-media":"","overlay-type":"","overlay-color":"","overlay-opacity":"","overlay-gradient":""},"tablet":{"background-color":"","background-image":"","background-repeat":"repeat","background-position":"center center","background-size":"auto","background-attachment":"scroll","background-type":"","background-media":"","overlay-type":"","overlay-color":"","overlay-opacity":"","overlay-gradient":""},"mobile":{"background-color":"","background-image":"","background-repeat":"repeat","background-position":"center center","background-size":"auto","background-attachment":"scroll","background-type":"","background-media":"","overlay-type":"","overlay-color":"","overlay-opacity":"","overlay-gradient":""}},"ast-content-background-meta":{"desktop":{"background-color":"var(--ast-global-color-5)","background-image":"","background-repeat":"repeat","background-position":"center center","background-size":"auto","background-attachment":"scroll","background-type":"","background-media":"","overlay-type":"","overlay-color":"","overlay-opacity":"","overlay-gradient":""},"tablet":{"background-color":"var(--ast-global-color-5)","background-image":"","background-repeat":"repeat","background-position":"center center","background-size":"auto","background-attachment":"scroll","background-type":"","background-media":"","overlay-type":"","overlay-color":"","overlay-opacity":"","overlay-gradient":""},"mobile":{"background-color":"var(--ast-global-color-5)","background-image":"","background-repeat":"repeat","background-position":"center center","background-size":"auto","background-attachment":"scroll","background-type":"","background-media":"","overlay-type":"","overlay-color":"","overlay-opacity":"","overlay-gradient":""}},"_glsr_average":0,"_glsr_ranking":0,"_glsr_reviews":0,"footnotes":""},"class_list":["post-2409","page","type-page","status-publish","has-post-thumbnail","hentry"],"aioseo_notices":[],"uagb_featured_image_src":{"full":["https:\/\/nilabindu.com\/wp-content\/uploads\/2025\/06\/IMG_20190504_052550_1-scaled-e1749037957888.jpg",2334,1580,false],"thumbnail":["https:\/\/nilabindu.com\/wp-content\/uploads\/2025\/06\/IMG_20190504_052550_1-scaled-e1749037957888-150x150.jpg",150,150,true],"medium":["https:\/\/nilabindu.com\/wp-content\/uploads\/2025\/06\/IMG_20190504_052550_1-scaled-e1749037957888-300x203.jpg",300,203,true],"medium_large":["https:\/\/nilabindu.com\/wp-content\/uploads\/2025\/06\/IMG_20190504_052550_1-scaled-e1749037957888-768x520.jpg",768,520,true],"large":["https:\/\/nilabindu.com\/wp-content\/uploads\/2025\/06\/IMG_20190504_052550_1-scaled-e1749037957888-1024x693.jpg",1024,693,true],"1536x1536":["https:\/\/nilabindu.com\/wp-content\/uploads\/2025\/06\/IMG_20190504_052550_1-scaled-e1749037957888-1536x1040.jpg",1536,1040,true],"2048x2048":["https:\/\/nilabindu.com\/wp-content\/uploads\/2025\/06\/IMG_20190504_052550_1-scaled-e1749037957888-2048x1386.jpg",2048,1386,true],"trp-custom-language-flag":["https:\/\/nilabindu.com\/wp-content\/uploads\/2025\/06\/IMG_20190504_052550_1-scaled-e1749037957888-18x12.jpg",18,12,true],"woocommerce_thumbnail":["https:\/\/nilabindu.com\/wp-content\/uploads\/2025\/06\/IMG_20190504_052550_1-scaled-e1749037957888-300x300.jpg",300,300,true],"woocommerce_single":["https:\/\/nilabindu.com\/wp-content\/uploads\/2025\/06\/IMG_20190504_052550_1-scaled-e1749037957888-600x406.jpg",600,406,true],"woocommerce_gallery_thumbnail":["https:\/\/nilabindu.com\/wp-content\/uploads\/2025\/06\/IMG_20190504_052550_1-scaled-e1749037957888-100x100.jpg",100,100,true]},"uagb_author_info":{"display_name":"reikinilabindu@gmail.com","author_link":"https:\/\/nilabindu.com\/fi\/author\/reikinilabindugmail-com\/"},"uagb_comment_info":0,"uagb_excerpt":"Return Policy We want you to be completely satisfied with your purchase from Nilabindu. For returns of physical products (not services)&nbsp;purchased from our website, you have the right to withdraw&nbsp;within 14 days&nbsp;from the date of delivery.For cancellations of services please refer to our cancellation policy in our Terms and Conditions. To qualify for a return:&#8211;&hellip;","_links":{"self":[{"href":"https:\/\/nilabindu.com\/fi\/wp-json\/wp\/v2\/pages\/2409","targetHints":{"allow":["GET"]}}],"collection":[{"href":"https:\/\/nilabindu.com\/fi\/wp-json\/wp\/v2\/pages"}],"about":[{"href":"https:\/\/nilabindu.com\/fi\/wp-json\/wp\/v2\/types\/page"}],"author":[{"embeddable":true,"href":"https:\/\/nilabindu.com\/fi\/wp-json\/wp\/v2\/users\/1"}],"replies":[{"embeddable":true,"href":"https:\/\/nilabindu.com\/fi\/wp-json\/wp\/v2\/comments?post=2409"}],"version-history":[{"count":2,"href":"https:\/\/nilabindu.com\/fi\/wp-json\/wp\/v2\/pages\/2409\/revisions"}],"predecessor-version":[{"id":2795,"href":"https:\/\/nilabindu.com\/fi\/wp-json\/wp\/v2\/pages\/2409\/revisions\/2795"}],"wp:featuredmedia":[{"embeddable":true,"href":"https:\/\/nilabindu.com\/fi\/wp-json\/wp\/v2\/media\/2410"}],"wp:attachment":[{"href":"https:\/\/nilabindu.com\/fi\/wp-json\/wp\/v2\/media?parent=2409"}],"curies":[{"name":"wp","href":"https:\/\/api.w.org\/{rel}","templated":true}]}}