{"id":2379,"date":"2025-06-04T08:35:45","date_gmt":"2025-06-04T08:35:45","guid":{"rendered":"https:\/\/nilabindu.com\/?page_id=2379"},"modified":"2025-07-27T15:04:18","modified_gmt":"2025-07-27T15:04:18","slug":"privacy-policy","status":"publish","type":"page","link":"https:\/\/nilabindu.com\/fi\/privacy-policy\/","title":{"rendered":"Tietosuojak\u00e4yt\u00e4nt\u00f6"},"content":{"rendered":"<div class=\"wp-block-uagb-container uagb-block-b2563c59 alignfull uagb-is-root-container\"><div class=\"uagb-container-inner-blocks-wrap\">\n<div class=\"wp-block-uagb-container uagb-block-b54f67c1\">\n<h2 class=\"wp-block-heading has-ast-global-color-4-color has-text-color has-link-color wp-elements-5b2b5a538918fe67caa4665eb074dae1\">Tietosuojak\u00e4yt\u00e4nt\u00f6<\/h2>\n\n\n\n<p class=\"has-ast-global-color-4-color has-text-color has-link-color wp-elements-d089e71833e329f156a663454b2f0443\">NilaBindu (\"me\", \"meid\u00e4n\", \"meit\u00e4\", \"min\u00e4\", \"minun\" tai \"minua\") kunnioittaa yksityisyytt\u00e4si ja on sitoutunut suojaamaan henkil\u00f6tietojasi. T\u00e4m\u00e4 tietosuojak\u00e4yt\u00e4nt\u00f6 m\u00e4\u00e4rittelee, miten ker\u00e4\u00e4mme, k\u00e4yt\u00e4mme ja suojelemme tietojasi Suomen ja EU:n s\u00e4\u00e4d\u00f6sten, mukaan lukien yleisen tietosuoja-asetuksen (GDPR), mukaisesti.<\/p>\n\n\n\n<p class=\"has-ast-global-color-4-color has-text-color has-link-color wp-elements-6a87abc565e2d4ec9e883b0f3e6f0386\"><strong>Voimaantulop\u00e4iv\u00e4:<\/strong>&nbsp;04.06.2024<\/p>\n\n\n\n<details class=\"wp-block-details has-ast-global-color-4-color has-text-color has-link-color wp-elements-f1f0b0ac69ef69921286a6775a41b598 is-layout-flow wp-block-details-is-layout-flow\" open><summary><strong>1. Tietojen ker\u00e4\u00e4minen ja k\u00e4ytt\u00f6<\/strong><\/summary>\n<p class=\"has-ast-global-color-4-color has-text-color has-link-color wp-elements-d0693094b38a13d7ed0b046e736df452\">Ker\u00e4\u00e4mme seuraavanlaisia tietoja palveluidemme tarjoamiseksi sinulle:<\/p>\n\n\n\n<p class=\"translation-block\"><em>- Henkil\u00f6tiedot:<\/em> Kun varaat ajan, rekister\u00f6idyt palveluihimme, ostat tuotteen tai otat meihin yhteytt\u00e4, saatamme ker\u00e4t\u00e4 nimesi, s\u00e4hk\u00f6postiosoitteesi, puhelinnumerosi, osoitteesi ja maksutietosi. N\u00e4it\u00e4 tietoja k\u00e4ytet\u00e4\u00e4n varausten vahvistamiseen, maksujen k\u00e4sittelyyn, toimituksiin, k\u00e4ytt\u00e4j\u00e4tilin luomiseen ja tietojen tallentamiseen helpompaa kassaprosessia varten sek\u00e4 viestimiseen palveluistamme, tuotteistamme ja markkinoinnistamme.<\/p>\n\n\n\n<p class=\"translation-block\"><em>- K\u00e4ytt\u00f6tiedot:<\/em> Saatamme ker\u00e4t\u00e4 tietoja siit\u00e4, miten k\u00e4yt\u00e4t verkkosivustoamme, parantaaksemme k\u00e4ytt\u00e4j\u00e4kokemusta. N\u00e4ihin tietoihin kuuluu laitetyyppi, IP-osoite ja selaimen tyyppi.<\/p>\n\n\n\n<p class=\"has-ast-global-color-4-color has-text-color has-link-color wp-elements-cdd508e9e962dc6d0890d0762fb0db12\">K\u00e4yt\u00e4mme n\u00e4it\u00e4 tietoja yksinomaan palveluidemme toimittamiseen, maksutapahtumien k\u00e4sittelyyn sek\u00e4 verkkosivustomme toiminnallisuuden parantamiseen.<\/p>\n<\/details>\n\n\n\n<details class=\"wp-block-details has-ast-global-color-4-color has-text-color has-link-color wp-elements-01fabbbe6159ebbb9c0a96554121e377 is-layout-flow wp-block-details-is-layout-flow\" open><summary><strong>2. Oikeusperuste tietojenk\u00e4sittelylle<\/strong><\/summary>\n<p class=\"has-ast-global-color-4-color has-text-color has-link-color wp-elements-9a82684fd5180774b8cb082fe283a63a\">K\u00e4sittelemme tietojasi seuraavien oikeusperusteiden nojalla:<\/p>\n\n\n\n<p class=\"translation-block\"><em>- Suostumus:<\/em> Varaamalla ajan tai tilaamalla p\u00e4ivityksemme annat suostumuksesi tietojesi ker\u00e4\u00e4miseen ja k\u00e4ytt\u00f6\u00f6n t\u00e4ss\u00e4 k\u00e4yt\u00e4nn\u00f6ss\u00e4 kuvatulla tavalla.<\/p>\n\n\n\n<p class=\"translation-block\"><em>- Sopimuksen t\u00e4yt\u00e4nt\u00f6\u00f6npano:<\/em> Tietojesi k\u00e4sittely on v\u00e4ltt\u00e4m\u00e4t\u00f6nt\u00e4 sopimuksemme toteuttamiseksi, kuten varaustesi vahvistamiseksi ja maksujen k\u00e4sittelemiseksi.<\/p>\n\n\n\n<p class=\"has-ast-global-color-4-color has-text-color has-link-color wp-elements-99da8aa3e84f440d1acc9e8aa522a6d0 translation-block\"><em>- Oikeutettu etu:<\/em> Joissain tapauksissa saatamme k\u00e4sitell\u00e4 tietoja oikeutettujen etujemme perusteella, kuten k\u00e4ytt\u00f6kokemuksen parantamiseksi ja verkkosivuston turvallisuuden varmistamiseksi.<\/p>\n<\/details>\n\n\n\n<details class=\"wp-block-details has-ast-global-color-4-color has-text-color has-link-color wp-elements-a12d65e0806ab57005d6b945770c3bd8 is-layout-flow wp-block-details-is-layout-flow\" open><summary><strong>3. Tietojen jakaminen ja luovuttaminen<\/strong><\/summary>\n<p class=\"has-ast-global-color-4-color has-text-color has-link-color wp-elements-1e6f93916fb64279f2ec57ede933b707\">Emme jaa tietojasi kolmansien osapuolten kanssa, ellei:<\/p>\n\n\n\n<p>- Se on tarpeen sopimusvelvoitteidemme t\u00e4ytt\u00e4miseksi (esim. maksujen k\u00e4sittely kolmannen osapuolen maksunv\u00e4litt\u00e4j\u00e4n kautta).<\/p>\n\n\n\n<p>- Meill\u00e4 on lainmukainen velvollisuus luovuttaa tietoja (esim. Suomen lain nojalla tai viranomaisten lailliseen pyynt\u00f6\u00f6n vastauksena).<\/p>\n\n\n\n<p class=\"has-ast-global-color-4-color has-text-color has-link-color wp-elements-d1d1c85efd379c066c99069c3dbe7c64\">Kaikki kolmannet osapuolet, joiden kanssa teemme yhteisty\u00f6t\u00e4, noudattavat GDPR-vaatimuksia ja k\u00e4sittelev\u00e4t tietojasi ainoastaan ohjeidemme mukaisesti.<\/p>\n<\/details>\n\n\n\n<details class=\"wp-block-details has-ast-global-color-4-color has-text-color has-link-color wp-elements-9742118ceaebd6d9c0f4313e4c58d647 is-layout-flow wp-block-details-is-layout-flow\" open><summary><strong>4. Tietojen tallennus ja turvallisuus<\/strong><\/summary>\n<p class=\"has-ast-global-color-4-color has-text-color has-link-color wp-elements-9423acbd58bc21a80a07adb844f51378\">K\u00e4yt\u00e4mme alan standardien mukaisia turvatoimia suojataksemme henkil\u00f6tietojasi. Tietosi s\u00e4ilytet\u00e4\u00e4n turvallisesti, ja niihin p\u00e4\u00e4sev\u00e4t k\u00e4siksi vain valtuutetut henkil\u00f6t. Henkil\u00f6tietoja s\u00e4ilytet\u00e4\u00e4n vain niin kauan kuin on tarpeen t\u00e4ss\u00e4 mainittujen tarkoitusten toteuttamiseksi tai Suomen lain edellytt\u00e4m\u00e4ll\u00e4 tavalla.<\/p>\n\n\n\n<p><em>S\u00e4ilytysajat:<\/em><\/p>\n\n\n\n<p class=\"translation-block\"><em>- Varaus- ja yhteystiedot:<\/em> S\u00e4ilytet\u00e4\u00e4n enint\u00e4\u00e4n 6 vuotta viimeisest\u00e4 k\u00e4ynnist\u00e4si hallinnollisiin tarkoituksiin.<\/p>\n\n\n\n<p class=\"translation-block\"><em>- Maksutiedot:<\/em> S\u00e4ilytet\u00e4\u00e4n Suomen kirjanpitos\u00e4\u00e4nn\u00f6sten mukaisesti, tyypillisesti 6 vuotta.<br><br>- <em>S\u00e4hk\u00f6postiosoite<\/em>: S\u00e4ilytet\u00e4\u00e4n markkinointitarkoituksiin postituslistalla, kunnes pyydet\u00e4\u00e4n \u201cperuuttamaan tilaus\u201d.<\/p>\n\n\n\n<p class=\"has-ast-global-color-4-color has-text-color has-link-color wp-elements-c42e4fd214384cd74bd9c76f795f97fe\">Sovellettavien s\u00e4ilytysaikojen p\u00e4\u00e4tytty\u00e4 tietosi poistetaan turvallisesti tai anonymisoidaan.<\/p>\n<\/details>\n\n\n\n<details class=\"wp-block-details has-ast-global-color-4-color has-text-color has-link-color wp-elements-7e2ec51a2312bfc9d0b200d5394f3a46 is-layout-flow wp-block-details-is-layout-flow\" open><summary><strong>5. Oikeutesi<\/strong><\/summary>\n<p>GDPR:n mukaisesti sinulla on seuraavat oikeudet henkil\u00f6tietojasi koskien:<\/p>\n\n\n\n<p class=\"translation-block\"><em>- Oikeus saada p\u00e4\u00e4sy tietoihin:<\/em> Sinulla on oikeus pyyt\u00e4\u00e4 kopio hallussamme olevista tiedoistasi.<\/p>\n\n\n\n<p class=\"translation-block\"><em>- Oikeus vaatia korjausta:<\/em> Jos hallussamme olevat tietosi ovat virheellisi\u00e4, voit pyyt\u00e4\u00e4 niiden korjaamista.<\/p>\n\n\n\n<p class=\"translation-block\"><em>- Oikeus tietojen poistamiseen:<\/em> Sinulla on oikeus pyyt\u00e4\u00e4 tietojesi poistamista, jos ne eiv\u00e4t en\u00e4\u00e4 ole tarpeellisia ker\u00e4ttyihin tarkoituksiin tai jos peruutat suostumuksesi.<\/p>\n\n\n\n<p class=\"translation-block\"><em>- K\u00e4sittelyn rajoittaminen:<\/em> Voit pyyt\u00e4\u00e4, ett\u00e4 rajoitamme tietojesi k\u00e4sittely\u00e4 tietyiss\u00e4 olosuhteissa.<\/p>\n\n\n\n<p class=\"translation-block\"><em>- Tietojen siirrett\u00e4vyys:<\/em> Voit pyyt\u00e4\u00e4 kopiota tiedoistasi j\u00e4sennellyss\u00e4, yleisesti k\u00e4ytetyss\u00e4 ja koneellisesti luettavassa muodossa.<\/p>\n\n\n\n<p class=\"translation-block\"><em>- Vastustamisoikeus:<\/em> Voit vastustaa tietojesi k\u00e4sittely\u00e4, jos uskot sen vaikuttavan perusoikeuksiisi.<\/p>\n\n\n\n<p class=\"translation-block\"><em>- Suostumuksen peruuttaminen:<\/em> Jos k\u00e4sittelemme tietojasi suostumuksen perusteella, sinulla on oikeus peruuttaa suostumuksesi milloin tahansa.<\/p>\n\n\n\n<p class=\"translation-block\">Jos haluat k\u00e4ytt\u00e4\u00e4 jotain n\u00e4ist\u00e4 oikeuksista, ota meihin yhteytt\u00e4 osoitteeseen <em>info@nilabindu.com<\/em>. Vastaamme pyynt\u00f6\u00f6si 30 p\u00e4iv\u00e4n kuluessa GDPR:n edellytt\u00e4m\u00e4ll\u00e4 tavalla.<\/p>\n<\/details>\n\n\n\n<details class=\"wp-block-details has-ast-global-color-4-color has-text-color has-link-color wp-elements-ed8352873af9b9697172080aa25afb60 is-layout-flow wp-block-details-is-layout-flow\" open><summary><strong>6. Ev\u00e4steet ja seurantateknologiat<\/strong><\/summary>\n<p>Verkkosivustomme k\u00e4ytt\u00e4\u00e4 ev\u00e4steit\u00e4 parantaakseen k\u00e4ytt\u00f6kokemusta ja ker\u00e4t\u00e4kseen analytiikkatietoja. Ev\u00e4steet ovat pieni\u00e4 tekstitiedostoja, jotka tallennetaan laitteellesi ja auttavat meit\u00e4 ymm\u00e4rt\u00e4m\u00e4\u00e4n, miten k\u00e4yt\u00e4t sivustoamme.<\/p>\n\n\n\n<p><em>K\u00e4ytt\u00e4m\u00e4mme ev\u00e4stetyypit:<\/em><\/p>\n\n\n\n<p class=\"translation-block\"><em>- V\u00e4ltt\u00e4m\u00e4tt\u00f6m\u00e4t ev\u00e4steet:<\/em> Tarvitaan verkkosivuston toimivuuden varmistamiseksi.<\/p>\n\n\n\n<p class=\"translation-block\"><em>- Analytiikkaev\u00e4steet:<\/em> K\u00e4ytet\u00e4\u00e4n verkkosivuston liikenteen analysointiin ja palveluidemme parantamiseen.<\/p>\n\n\n\n<p>Voit hallita ev\u00e4steasetuksiasi selaimesi asetusten kautta. Huomioithan, ett\u00e4 ev\u00e4steiden poistaminen k\u00e4yt\u00f6st\u00e4 saattaa vaikuttaa joidenkin verkkosivustomme toimintojen toimivuuteen.<\/p>\n<\/details>\n\n\n\n<details class=\"wp-block-details has-ast-global-color-4-color has-text-color has-link-color wp-elements-647b06e06bd885cbb9b07d88b3c9a389 is-layout-flow wp-block-details-is-layout-flow\" open><summary><strong>7. K\u00e4yt\u00e4nt\u00f6jen p\u00e4ivitykset<\/strong><\/summary>\n<p>Pid\u00e4t\u00e4mme oikeuden p\u00e4ivitt\u00e4\u00e4 t\u00e4t\u00e4 tietosuojak\u00e4yt\u00e4nt\u00f6\u00e4 tarpeen mukaan. Muutokset julkaistaan t\u00e4ll\u00e4 sivulla, ja verkkosivustomme jatkuva k\u00e4ytt\u00f6 tarkoittaa, ett\u00e4 hyv\u00e4ksyt p\u00e4ivitetyt ehdot. Suosittelemme tarkistamaan t\u00e4m\u00e4n tietosuojak\u00e4yt\u00e4nn\u00f6n s\u00e4\u00e4nn\u00f6llisesti.<\/p>\n<\/details>\n\n\n\n<details class=\"wp-block-details has-ast-global-color-4-color has-text-color has-link-color wp-elements-83aa8b08fdf69ba4c70c4608b25d5d3c is-layout-flow wp-block-details-is-layout-flow\" open><summary><strong>8. Yhteystiedot<\/strong><\/summary>\n<p>Jos sinulla on kysytt\u00e4v\u00e4\u00e4 t\u00e4st\u00e4 tietosuojak\u00e4yt\u00e4nn\u00f6st\u00e4 tai tietojesi oikeuksista, ota meihin yhteytt\u00e4 osoitteeseen:<\/p>\n\n\n\n<p>S\u00e4hk\u00f6posti:\u00a0<em><a href=\"mailto:info@nilabindu.com\">info@nilabindu.com<\/a><\/em><\/p>\n<\/details>\n<\/div>\n<\/div><\/div>\n\n\n\n<p><\/p>","protected":false},"excerpt":{"rendered":"<p>Privacy Policy NilaBindu (\u201cwe,\u201d \u201cour,\u201d \u201cus\u201d, \u201cI\u201d, \u201cmine\u201d, or \u201cme\u201d) respects your privacy and is committed to protecting your personal data. This Privacy Policy outlines how we collect, use, and safeguard your information in compliance with Finnish and EU regulations, including the General Data Protection Regulation (GDPR). Effective Date:&nbsp;04.06.2024<\/p>","protected":false},"author":1,"featured_media":2355,"parent":0,"menu_order":0,"comment_status":"closed","ping_status":"closed","template":"","meta":{"om_disable_all_campaigns":false,"_uag_custom_page_level_css":"","_monsterinsights_skip_tracking":false,"_monsterinsights_sitenote_active":false,"_monsterinsights_sitenote_note":"","_monsterinsights_sitenote_category":0,"site-sidebar-layout":"no-sidebar","site-content-layout":"plain-container","ast-site-content-layout":"normal-width-container","site-content-style":"unboxed","site-sidebar-style":"unboxed","ast-global-header-display":"","ast-banner-title-visibility":"","ast-main-header-display":"","ast-hfb-above-header-display":"","ast-hfb-below-header-display":"","ast-hfb-mobile-header-display":"","site-post-title":"disabled","ast-breadcrumbs-content":"","ast-featured-img":"disabled","footer-sml-layout":"","ast-disable-related-posts":"","theme-transparent-header-meta":"default","adv-header-id-meta":"","stick-header-meta":"","header-above-stick-meta":"","header-main-stick-meta":"","header-below-stick-meta":"","astra-migrate-meta-layouts":"set","ast-page-background-enabled":"default","ast-page-background-meta":{"desktop":{"background-color":"","background-image":"","background-repeat":"repeat","background-position":"center center","background-size":"auto","background-attachment":"scroll","background-type":"","background-media":"","overlay-type":"","overlay-color":"","overlay-opacity":"","overlay-gradient":""},"tablet":{"background-color":"","background-image":"","background-repeat":"repeat","background-position":"center center","background-size":"auto","background-attachment":"scroll","background-type":"","background-media":"","overlay-type":"","overlay-color":"","overlay-opacity":"","overlay-gradient":""},"mobile":{"background-color":"","background-image":"","background-repeat":"repeat","background-position":"center center","background-size":"auto","background-attachment":"scroll","background-type":"","background-media":"","overlay-type":"","overlay-color":"","overlay-opacity":"","overlay-gradient":""}},"ast-content-background-meta":{"desktop":{"background-color":"var(--ast-global-color-5)","background-image":"","background-repeat":"repeat","background-position":"center center","background-size":"auto","background-attachment":"scroll","background-type":"","background-media":"","overlay-type":"","overlay-color":"","overlay-opacity":"","overlay-gradient":""},"tablet":{"background-color":"var(--ast-global-color-5)","background-image":"","background-repeat":"repeat","background-position":"center center","background-size":"auto","background-attachment":"scroll","background-type":"","background-media":"","overlay-type":"","overlay-color":"","overlay-opacity":"","overlay-gradient":""},"mobile":{"background-color":"var(--ast-global-color-5)","background-image":"","background-repeat":"repeat","background-position":"center center","background-size":"auto","background-attachment":"scroll","background-type":"","background-media":"","overlay-type":"","overlay-color":"","overlay-opacity":"","overlay-gradient":""}},"_glsr_average":0,"_glsr_ranking":0,"_glsr_reviews":0,"footnotes":""},"class_list":["post-2379","page","type-page","status-publish","has-post-thumbnail","hentry"],"aioseo_notices":[],"uagb_featured_image_src":{"full":["https:\/\/nilabindu.com\/wp-content\/uploads\/2025\/06\/20240125_170831-scaled.jpg",1440,2560,false],"thumbnail":["https:\/\/nilabindu.com\/wp-content\/uploads\/2025\/06\/20240125_170831-150x150.jpg",150,150,true],"medium":["https:\/\/nilabindu.com\/wp-content\/uploads\/2025\/06\/20240125_170831-169x300.jpg",169,300,true],"medium_large":["https:\/\/nilabindu.com\/wp-content\/uploads\/2025\/06\/20240125_170831-768x1365.jpg",768,1365,true],"large":["https:\/\/nilabindu.com\/wp-content\/uploads\/2025\/06\/20240125_170831-576x1024.jpg",576,1024,true],"1536x1536":["https:\/\/nilabindu.com\/wp-content\/uploads\/2025\/06\/20240125_170831-864x1536.jpg",864,1536,true],"2048x2048":["https:\/\/nilabindu.com\/wp-content\/uploads\/2025\/06\/20240125_170831-1152x2048.jpg",1152,2048,true],"trp-custom-language-flag":["https:\/\/nilabindu.com\/wp-content\/uploads\/2025\/06\/20240125_170831-7x12.jpg",7,12,true],"woocommerce_thumbnail":["https:\/\/nilabindu.com\/wp-content\/uploads\/2025\/06\/20240125_170831-300x300.jpg",300,300,true],"woocommerce_single":["https:\/\/nilabindu.com\/wp-content\/uploads\/2025\/06\/20240125_170831-600x1067.jpg",600,1067,true],"woocommerce_gallery_thumbnail":["https:\/\/nilabindu.com\/wp-content\/uploads\/2025\/06\/20240125_170831-100x100.jpg",100,100,true]},"uagb_author_info":{"display_name":"reikinilabindu@gmail.com","author_link":"https:\/\/nilabindu.com\/fi\/author\/reikinilabindugmail-com\/"},"uagb_comment_info":0,"uagb_excerpt":"Privacy Policy NilaBindu (\u201cwe,\u201d \u201cour,\u201d \u201cus\u201d, \u201cI\u201d, \u201cmine\u201d, or \u201cme\u201d) respects your privacy and is committed to protecting your personal data. This Privacy Policy outlines how we collect, use, and safeguard your information in compliance with Finnish and EU regulations, including the General Data Protection Regulation (GDPR). Effective Date:&nbsp;04.06.2024","_links":{"self":[{"href":"https:\/\/nilabindu.com\/fi\/wp-json\/wp\/v2\/pages\/2379","targetHints":{"allow":["GET"]}}],"collection":[{"href":"https:\/\/nilabindu.com\/fi\/wp-json\/wp\/v2\/pages"}],"about":[{"href":"https:\/\/nilabindu.com\/fi\/wp-json\/wp\/v2\/types\/page"}],"author":[{"embeddable":true,"href":"https:\/\/nilabindu.com\/fi\/wp-json\/wp\/v2\/users\/1"}],"replies":[{"embeddable":true,"href":"https:\/\/nilabindu.com\/fi\/wp-json\/wp\/v2\/comments?post=2379"}],"version-history":[{"count":8,"href":"https:\/\/nilabindu.com\/fi\/wp-json\/wp\/v2\/pages\/2379\/revisions"}],"predecessor-version":[{"id":2793,"href":"https:\/\/nilabindu.com\/fi\/wp-json\/wp\/v2\/pages\/2379\/revisions\/2793"}],"wp:featuredmedia":[{"embeddable":true,"href":"https:\/\/nilabindu.com\/fi\/wp-json\/wp\/v2\/media\/2355"}],"wp:attachment":[{"href":"https:\/\/nilabindu.com\/fi\/wp-json\/wp\/v2\/media?parent=2379"}],"curies":[{"name":"wp","href":"https:\/\/api.w.org\/{rel}","templated":true}]}}