{"id":2244,"date":"2025-06-03T18:07:10","date_gmt":"2025-06-03T18:07:10","guid":{"rendered":"https:\/\/nilabindu.com\/?page_id=2244"},"modified":"2025-07-27T15:02:10","modified_gmt":"2025-07-27T15:02:10","slug":"collaborations","status":"publish","type":"page","link":"https:\/\/nilabindu.com\/fi\/collaborations\/","title":{"rendered":"Yhteisty\u00f6t"},"content":{"rendered":"<div class=\"wp-block-uagb-container uagb-block-a518e2fd alignfull uagb-is-root-container\"><div class=\"uagb-container__shape uagb-container__shape-top\"><svg xmlns=\"https:\/\/www.w3.org\/2000\/svg\" viewbox=\"0 0 700 10\" preserveaspectratio=\"none\"><path class=\"uagb-container__shape-fill\" d=\"M350,10L340,0h20L350,10z\"><\/path><\/svg><\/div><div class=\"uagb-container__shape uagb-container__shape-bottom uagb-container__invert\" data-negative=\"false\"><svg xmlns=\"https:\/\/www.w3.org\/2000\/svg\" viewbox=\"0 0 2600 131.1\" preserveaspectratio=\"none\"><path class=\"uagb-container__shape-fill\" d=\"M0 0L2600 0 2600 69.1 0 0z\"><\/path><path class=\"uagb-container__shape-fill\" opacity=\"0.5\" d=\"M0 0L2600 0 2600 69.1 0 69.1z\"><\/path><path class=\"uagb-container__shape-fill\" opacity=\"0.25\" d=\"M2600 0L0 0 0 130.1 2600 69.1z\"><\/path><\/svg><\/div><\/div>\n\n\n\n<div class=\"wp-block-uagb-container uagb-block-318b6e29 alignfull uagb-is-root-container\"><div class=\"uagb-container-inner-blocks-wrap\"><h2 style=\"border-style:none;border-width:0px; margin-top:var(--wp--preset--spacing--60);margin-bottom:var(--wp--preset--spacing--60);margin-left:0;margin-right:0;\" class=\"has-text-align-center wp-block-post-title\">Yhteisty\u00f6t<\/h2>\n\n\n<div class=\"wp-block-uagb-container uagb-block-1ecea4b8\">\n<div class=\"wp-block-columns is-layout-flex wp-container-core-columns-is-layout-28f84493 wp-block-columns-is-layout-flex\">\n<div class=\"wp-block-column is-layout-flow wp-block-column-is-layout-flow\" style=\"flex-basis:50%\">\n<p>Jos tunnet, ett\u00e4 polkumme kohtaavat ja haluaisit luoda yhdess\u00e4 palvelun, tapahtuman tai el\u00e4myksen, kuulisin mielell\u00e4ni sinusta. Ota rohkeasti yhteytt\u00e4 alla olevan lomakkeen kautta.<\/p>\n\n\n\n<div class=\"wp-block-columns is-layout-flex wp-container-core-columns-is-layout-28f84493 wp-block-columns-is-layout-flex\">\n<div class=\"wp-block-column is-layout-flow wp-block-column-is-layout-flow\">\n<div class=\"wp-block-uagb-forms uagb-forms__outer-wrap uagb-block-8af4c0ef uagb-forms__medium-btn\"><form class=\"uagb-forms-main-form\" method=\"post\" autocomplete=\"on\" name=\"uagb-form-8af4c0ef\" action=\"\">\n<div class=\"wp-block-uagb-forms-name uagb-forms-name-wrap uagb-forms-field-set uagb-block-fe6e469e\"><div class=\"uagb-forms-name-label required uagb-forms-input-label\" id=\"fe6e469e\">Etunimi<\/div><input type=\"text\" placeholder=\"Jo\" required class=\"uagb-forms-name-input uagb-forms-input\" name=\"fe6e469e\" autocomplete=\"given-name\"\/><\/div>\n\n\n\n<div class=\"wp-block-uagb-forms-name uagb-forms-name-wrap uagb-forms-field-set uagb-block-074c5e30\"><div class=\"uagb-forms-name-label  uagb-forms-input-label\" id=\"074c5e30\">Sukunimi<\/div><input type=\"text\" placeholder=\"Nilabindu\" class=\"uagb-forms-name-input uagb-forms-input\" name=\"074c5e30\" autocomplete=\"family-name\"\/><\/div>\n\n\n\n<div class=\"wp-block-uagb-forms-email uagb-forms-email-wrap uagb-forms-field-set uagb-block-3ab2ccdc\"><div class=\"uagb-forms-email-label required uagb-forms-input-label\" id=\"3ab2ccdc\">S\u00e4hk\u00f6posti<\/div><input type=\"email\" class=\"uagb-forms-email-input uagb-forms-input\" placeholder=\"esimerkki@mail.com\" required name=\"3ab2ccdc\" autocomplete=\"email\"\/><\/div>\n\n\n\n<div class=\"wp-block-uagb-forms-textarea uagb-forms-textarea-wrap uagb-forms-field-set uagb-block-3a86e562\"><div class=\"uagb-forms-textarea-label required uagb-forms-input-label\" id=\"3a86e562\">Viesti<\/div><textarea required class=\"uagb-forms-textarea-input uagb-forms-input\" rows=\"4\" placeholder=\"Kirjoita viestisi\" name=\"3a86e562\" autocomplete=\"off\"><\/textarea><\/div>\n<div class=\"uagb-forms-form-hidden-data\"><input type=\"hidden\" class=\"uagb_forms_form_label\" value=\"Spectra Form\"\/><input type=\"hidden\" class=\"uagb_forms_form_id\" value=\"uagb-form-8af4c0ef\"\/><\/div><div class=\"uagb-form-reacaptcha-error-8af4c0ef\"><\/div><div class=\"uagb-forms-main-submit-button-wrap wp-block-button\"><button class=\"uagb-forms-main-submit-button wp-block-button__link\"><div class=\"uagb-forms-main-submit-button-text\">L\u00e4het\u00e4<\/div><\/button><\/div><input type=\"hidden\" name=\"trp-form-language\" value=\"fi\"\/><\/form><div class=\"uagb-forms-success-message-8af4c0ef uagb-forms-submit-message-hide\"><span>The form has been submitted successfully!<\/span><\/div><div class=\"uagb-forms-failed-message-8af4c0ef uagb-forms-submit-message-hide\"><span>There has been some error while submitting the form. Please verify all form fields again.<\/span><\/div><\/div>\n<\/div>\n<\/div>\n<\/div>\n\n\n\n<div class=\"wp-block-column is-layout-flow wp-block-column-is-layout-flow\" style=\"flex-basis:50%\">\n<p><\/p>\n\n\n\n<div class=\"wp-block-uagb-image aligncenter uagb-block-7f2114f4 wp-block-uagb-image--layout-default wp-block-uagb-image--effect-zoomin wp-block-uagb-image--align-center\"><figure class=\"wp-block-uagb-image__figure\"><img decoding=\"async\" srcset=\"https:\/\/nilabindu.com\/wp-content\/uploads\/2025\/06\/IMG-20250517-WA0173-scaled-e1748973755586-220x300.jpg ,https:\/\/nilabindu.com\/wp-content\/uploads\/2025\/06\/IMG-20250517-WA0173-scaled-e1748973755586.jpg 780w, https:\/\/nilabindu.com\/wp-content\/uploads\/2025\/06\/IMG-20250517-WA0173-scaled-e1748973755586.jpg 360w\" sizes=\"auto, (max-width: 480px) 150px\" src=\"https:\/\/nilabindu.com\/wp-content\/uploads\/2025\/06\/IMG-20250517-WA0173-scaled-e1748973755586-220x300.jpg\" alt=\"\" class=\"uag-image-2247\" width=\"360\" height=\"500\" title=\"Jo Nilabindu 4\" loading=\"lazy\" role=\"img\"\/><\/figure><\/div>\n<\/div>\n<\/div>\n<\/div>\n<\/div><\/div>\n\n\n\n<div class=\"wp-block-uagb-container uagb-block-0dbb3e96 alignfull uagb-is-root-container\"><div class=\"uagb-container__shape uagb-container__shape-top\"><svg xmlns=\"https:\/\/www.w3.org\/2000\/svg\" viewbox=\"0 0 2600 131.1\" preserveaspectratio=\"none\"><path class=\"uagb-container__shape-fill\" d=\"M0 0L2600 0 2600 69.1 0 0z\"><\/path><path class=\"uagb-container__shape-fill\" opacity=\"0.5\" d=\"M0 0L2600 0 2600 69.1 0 69.1z\"><\/path><path class=\"uagb-container__shape-fill\" opacity=\"0.25\" d=\"M2600 0L0 0 0 130.1 2600 69.1z\"><\/path><\/svg><\/div><\/div>\n\n\n\n<p><\/p>","protected":false},"excerpt":{"rendered":"<p>Jos tunnet, ett\u00e4 polkumme kohtaavat ja haluaisit luoda yhdess\u00e4 palvelun, tapahtuman tai el\u00e4myksen, kuulisin mielell\u00e4ni sinusta. Ota rohkeasti yhteytt\u00e4 alla olevan lomakkeen kautta.<\/p>","protected":false},"author":1,"featured_media":2750,"parent":0,"menu_order":0,"comment_status":"closed","ping_status":"closed","template":"","meta":{"om_disable_all_campaigns":false,"_uag_custom_page_level_css":"","_monsterinsights_skip_tracking":false,"_monsterinsights_sitenote_active":false,"_monsterinsights_sitenote_note":"","_monsterinsights_sitenote_category":0,"site-sidebar-layout":"no-sidebar","site-content-layout":"plain-container","ast-site-content-layout":"normal-width-container","site-content-style":"unboxed","site-sidebar-style":"unboxed","ast-global-header-display":"","ast-banner-title-visibility":"","ast-main-header-display":"","ast-hfb-above-header-display":"","ast-hfb-below-header-display":"","ast-hfb-mobile-header-display":"","site-post-title":"disabled","ast-breadcrumbs-content":"","ast-featured-img":"disabled","footer-sml-layout":"","ast-disable-related-posts":"","theme-transparent-header-meta":"default","adv-header-id-meta":"","stick-header-meta":"","header-above-stick-meta":"","header-main-stick-meta":"","header-below-stick-meta":"","astra-migrate-meta-layouts":"set","ast-page-background-enabled":"default","ast-page-background-meta":{"desktop":{"background-color":"","background-image":"","background-repeat":"repeat","background-position":"center center","background-size":"auto","background-attachment":"scroll","background-type":"","background-media":"","overlay-type":"","overlay-color":"","overlay-opacity":"","overlay-gradient":""},"tablet":{"background-color":"","background-image":"","background-repeat":"repeat","background-position":"center center","background-size":"auto","background-attachment":"scroll","background-type":"","background-media":"","overlay-type":"","overlay-color":"","overlay-opacity":"","overlay-gradient":""},"mobile":{"background-color":"","background-image":"","background-repeat":"repeat","background-position":"center center","background-size":"auto","background-attachment":"scroll","background-type":"","background-media":"","overlay-type":"","overlay-color":"","overlay-opacity":"","overlay-gradient":""}},"ast-content-background-meta":{"desktop":{"background-color":"var(--ast-global-color-5)","background-image":"","background-repeat":"repeat","background-position":"center center","background-size":"auto","background-attachment":"scroll","background-type":"","background-media":"","overlay-type":"","overlay-color":"","overlay-opacity":"","overlay-gradient":""},"tablet":{"background-color":"var(--ast-global-color-5)","background-image":"","background-repeat":"repeat","background-position":"center center","background-size":"auto","background-attachment":"scroll","background-type":"","background-media":"","overlay-type":"","overlay-color":"","overlay-opacity":"","overlay-gradient":""},"mobile":{"background-color":"var(--ast-global-color-5)","background-image":"","background-repeat":"repeat","background-position":"center center","background-size":"auto","background-attachment":"scroll","background-type":"","background-media":"","overlay-type":"","overlay-color":"","overlay-opacity":"","overlay-gradient":""}},"_glsr_average":0,"_glsr_ranking":0,"_glsr_reviews":0,"footnotes":""},"class_list":["post-2244","page","type-page","status-publish","has-post-thumbnail","hentry"],"aioseo_notices":[],"uagb_featured_image_src":{"full":["https:\/\/nilabindu.com\/wp-content\/uploads\/2025\/06\/InShot_20250404_132145748-2-scaled-e1749979865862.jpg",1660,853,false],"thumbnail":["https:\/\/nilabindu.com\/wp-content\/uploads\/2025\/06\/InShot_20250404_132145748-2-scaled-e1749979865862-150x150.jpg",150,150,true],"medium":["https:\/\/nilabindu.com\/wp-content\/uploads\/2025\/06\/InShot_20250404_132145748-2-scaled-e1749979865862-300x154.jpg",300,154,true],"medium_large":["https:\/\/nilabindu.com\/wp-content\/uploads\/2025\/06\/InShot_20250404_132145748-2-scaled-e1749979865862-768x395.jpg",768,395,true],"large":["https:\/\/nilabindu.com\/wp-content\/uploads\/2025\/06\/InShot_20250404_132145748-2-scaled-e1749979865862-1024x526.jpg",1024,526,true],"1536x1536":["https:\/\/nilabindu.com\/wp-content\/uploads\/2025\/06\/InShot_20250404_132145748-2-scaled-e1749979865862-1536x789.jpg",1536,789,true],"2048x2048":["https:\/\/nilabindu.com\/wp-content\/uploads\/2025\/06\/InShot_20250404_132145748-2-2048x684.jpg",2048,684,true],"trp-custom-language-flag":["https:\/\/nilabindu.com\/wp-content\/uploads\/2025\/06\/InShot_20250404_132145748-2-scaled-e1749979865862-18x9.jpg",18,9,true],"woocommerce_thumbnail":["https:\/\/nilabindu.com\/wp-content\/uploads\/2025\/06\/InShot_20250404_132145748-2-scaled-e1749979865862-300x300.jpg",300,300,true],"woocommerce_single":["https:\/\/nilabindu.com\/wp-content\/uploads\/2025\/06\/InShot_20250404_132145748-2-scaled-e1749979865862-600x308.jpg",600,308,true],"woocommerce_gallery_thumbnail":["https:\/\/nilabindu.com\/wp-content\/uploads\/2025\/06\/InShot_20250404_132145748-2-scaled-e1749979865862-100x100.jpg",100,100,true]},"uagb_author_info":{"display_name":"reikinilabindu@gmail.com","author_link":"https:\/\/nilabindu.com\/fi\/author\/reikinilabindugmail-com\/"},"uagb_comment_info":0,"uagb_excerpt":"If you feel our paths align and would like to co-create an offering, event, or experience together, I would love to hear from you. Feel free to reach out through the form below","_links":{"self":[{"href":"https:\/\/nilabindu.com\/fi\/wp-json\/wp\/v2\/pages\/2244","targetHints":{"allow":["GET"]}}],"collection":[{"href":"https:\/\/nilabindu.com\/fi\/wp-json\/wp\/v2\/pages"}],"about":[{"href":"https:\/\/nilabindu.com\/fi\/wp-json\/wp\/v2\/types\/page"}],"author":[{"embeddable":true,"href":"https:\/\/nilabindu.com\/fi\/wp-json\/wp\/v2\/users\/1"}],"replies":[{"embeddable":true,"href":"https:\/\/nilabindu.com\/fi\/wp-json\/wp\/v2\/comments?post=2244"}],"version-history":[{"count":11,"href":"https:\/\/nilabindu.com\/fi\/wp-json\/wp\/v2\/pages\/2244\/revisions"}],"predecessor-version":[{"id":2784,"href":"https:\/\/nilabindu.com\/fi\/wp-json\/wp\/v2\/pages\/2244\/revisions\/2784"}],"wp:featuredmedia":[{"embeddable":true,"href":"https:\/\/nilabindu.com\/fi\/wp-json\/wp\/v2\/media\/2750"}],"wp:attachment":[{"href":"https:\/\/nilabindu.com\/fi\/wp-json\/wp\/v2\/media?parent=2244"}],"curies":[{"name":"wp","href":"https:\/\/api.w.org\/{rel}","templated":true}]}}