{"id":2206,"date":"2025-06-03T15:27:33","date_gmt":"2025-06-03T15:27:33","guid":{"rendered":"https:\/\/nilabindu.com\/?page_id=2206"},"modified":"2025-10-06T15:32:22","modified_gmt":"2025-10-06T15:32:22","slug":"private-corporate-group-sessions","status":"publish","type":"page","link":"https:\/\/nilabindu.com\/fi\/private-corporate-group-sessions\/","title":{"rendered":"Yksityis- ja yritysryhm\u00e4t"},"content":{"rendered":"<div class=\"wp-block-uagb-container uagb-block-c207693b alignfull uagb-is-root-container\"><div class=\"uagb-container__shape uagb-container__shape-bottom uagb-container__invert\" data-negative=\"false\"><svg xmlns=\"https:\/\/www.w3.org\/2000\/svg\" viewbox=\"0 0 2600 131.1\" preserveaspectratio=\"none\"><path class=\"uagb-container__shape-fill\" d=\"M0 0L2600 0 2600 69.1 0 0z\"><\/path><path class=\"uagb-container__shape-fill\" opacity=\"0.5\" d=\"M0 0L2600 0 2600 69.1 0 69.1z\"><\/path><path class=\"uagb-container__shape-fill\" opacity=\"0.25\" d=\"M2600 0L0 0 0 130.1 2600 69.1z\"><\/path><\/svg><\/div><\/div>\n\n\n\n<div class=\"wp-block-uagb-container uagb-block-318b6e29 alignfull uagb-is-root-container\"><div class=\"uagb-container-inner-blocks-wrap\"><h2 style=\"border-style:none;border-width:0px; margin-top:var(--wp--preset--spacing--60);margin-bottom:var(--wp--preset--spacing--60);margin-left:0;margin-right:0;\" class=\"has-text-align-center wp-block-post-title\">Yksityis- ja yritysryhm\u00e4t<\/h2>\n\n\n<div class=\"wp-block-uagb-container uagb-block-1ecea4b8\">\n<div class=\"wp-block-columns is-layout-flex wp-container-core-columns-is-layout-28f84493 wp-block-columns-is-layout-flex\">\n<div class=\"wp-block-column is-layout-flow wp-block-column-is-layout-flow\" style=\"flex-basis:50%\">\n<p class=\"translation-block\"><strong>Saatavilla olevat kielet:<\/strong> englanti, suomi ja espanja.<\/p>\n\n\n\n<p><strong>Koe rentoutuminen ryhm\u00e4si tai tiimisi kanssa<\/strong><br>Yksityiset ja yrityksille suunnatut \u00e4\u00e4nimatkat tarjoavat ainutlaatuisen tavan rauhoittua, v\u00e4hent\u00e4\u00e4 stressi\u00e4 ja latautua uudelleen. Olitpa j\u00e4rjest\u00e4m\u00e4ss\u00e4 yritystilaisuutta, tiimip\u00e4iv\u00e4\u00e4 tai haluat vain tarjota ryhm\u00e4llesi hetken hiljaisuutta, istunnot on suunniteltu tuomaan rentoutumista rauhallisessa ja keskittyneess\u00e4 ymp\u00e4rist\u00f6ss\u00e4.<\/p>\n\n\n\n<details class=\"wp-block-details is-layout-flow wp-block-details-is-layout-flow\" open><summary><strong>Kuinka varata<\/strong><\/summary>\n<p class=\"translation-block\">- L\u00e4het\u00e4 meille viesti lomakkeen kautta tarkistaaksesi saatavuuden.<br>- Anna tiedot: Kerro toivomasi p\u00e4iv\u00e4m\u00e4\u00e4r\u00e4, aika, ryhm\u00e4n koko ja sijainti.<\/p>\n<\/details>\n\n\n\n<details class=\"wp-block-details is-layout-flow wp-block-details-is-layout-flow\" open><summary><strong>Miksi valita meid\u00e4t?<\/strong><\/summary>\n<p class=\"translation-block\">- <strong>T\u00e4ydellinen tiimeille:<\/strong> Sopii erinomaisesti ty\u00f6hyvinvointip\u00e4iviin (TYHY, TYKY), stressin lievitykseen tai tiimihengen vahvistamiseen.<br>- <strong>Yksityinen ja henkil\u00f6kohtainen:<\/strong> Rauhallinen, yksityinen hetki ryhm\u00e4llesi rentoutumiseen ja latautumiseen.<br>- <strong>R\u00e4\u00e4t\u00e4l\u00f6ity kokemus:<\/strong> Istunto voidaan j\u00e4rjest\u00e4\u00e4 teid\u00e4n tiloissanne, ajankohtana joka sopii teille parhaiten.<\/p>\n<\/details>\n\n\n\n<details class=\"wp-block-details is-layout-flow wp-block-details-is-layout-flow\"><summary><strong>Session yksityiskohdat<\/strong><\/summary>\n<p>- Kesto:\u00a0<strong>1 tunti<\/strong> (jos valitaan lis\u00e4palveluna -jooga-, kesto on 2 tuntia).<br>- Ryhm\u00e4koko: Sopii\u00a0<strong>2-15 hengen ryhmille.<\/strong>. <br>- Sijainti: Istunto voidaan j\u00e4rjest\u00e4\u00e4 teid\u00e4n tiloissanne\u00a0<strong>Helsinki<\/strong>,\u00a0<strong>Espoo<\/strong>, ja\u00a0<strong>Vantaa<\/strong>, Suomi.<br>Voi my\u00f6s j\u00e4rjest\u00e4\u00e4 Nilabindu hyvinvointitilassa (Leilankuja 4D, Espoo). <strong>T\u00e4ss\u00e4 sijainnissa ryhm\u00e4n enimm\u00e4isosallistujam\u00e4\u00e4r\u00e4 on 10.<\/strong><\/p>\n<\/details>\n\n\n\n<details class=\"wp-block-details is-layout-flow wp-block-details-is-layout-flow\"><summary><strong>Hinta<\/strong><\/summary>\n<p><strong>Yksityisryhm\u00e4t<\/strong> (oma tila Helsingin, Espoon ja Vantaan alueella)<\/p>\n\n\n\n<p>- Perushinta (enint\u00e4\u00e4n 10 osallistujaa):&nbsp;<strong>250\u20ac (ALV 0%)<\/strong><br>- Lis\u00e4osallistujat:&nbsp;<strong>10\u20ac per henkil\u00f6 (ALV 0%)<\/strong><br>&#8211;&nbsp;<strong>V\u00e4himm\u00e4isosallistujat<\/strong>: 3<br>&#8211;&nbsp;<strong>Enimm\u00e4isosallistujat<\/strong>: 15 (Teknisist\u00e4 syist\u00e4. Ota yhteytt\u00e4, jos osallistujia on enemm\u00e4n).<\/p>\n\n\n\n<p><strong>Yksityisryhm\u00e4t (Nilabindussa, Leilankuja 4D. Espoo)<\/strong><\/p>\n\n\n\n<p>- Perushinta (enint\u00e4\u00e4n 10 osallistujaa):\u00a0<strong>200\u20ac (ALV 0%)<\/strong><br>- Lis\u00e4palvelu (jooga):\u00a0<strong>100\u20ac (ALV 0%) <\/strong><br>&#8211;\u00a0<strong>V\u00e4himm\u00e4isosallistujat<\/strong>: 2<br>&#8211;\u00a0<strong>Enimm\u00e4isosallistujat<\/strong>: 10<\/p>\n\n\n\n<p><strong>Yritysryhm\u00e4t<\/strong> (oma tila Helsingin, Espoon ja Vantaan alueella)<\/p>\n\n\n\n<p>- Perushinta (enint\u00e4\u00e4n 10 osallistujaa):&nbsp;<strong>300\u20ac (ALV 0%)<\/strong><br>- Lis\u00e4osallistujat:&nbsp;<strong>15\u20ac per henkil\u00f6 (ALV 0%)<\/strong><br>&#8211;&nbsp;<strong>V\u00e4himm\u00e4isosallistujat<\/strong>: 5<br>&#8211;&nbsp;<strong>Enimm\u00e4isosallistujat<\/strong>: 15 (Teknisist\u00e4 syist\u00e4. Ota yhteytt\u00e4, jos osallistujia on enemm\u00e4n).<\/p>\n\n\n\n<p><strong>Yritysryhm\u00e4t (Nilabindussa, Leilankuja 4D. Espoo)<\/strong><\/p>\n\n\n\n<p>- Perushinta (enint\u00e4\u00e4n 10 osallistujaa):\u00a0<strong>250\u20ac (ALV 0%)<\/strong><br>- Lis\u00e4palvelu (jooga):\u00a0<strong>100\u20ac (ALV 0%) <\/strong><br>&#8211;\u00a0<strong>V\u00e4himm\u00e4isosallistujat<\/strong>: 2<br>&#8211;\u00a0<strong>Enimm\u00e4isosallistujat<\/strong>: 10<\/p>\n<\/details>\n\n\n\n<details class=\"wp-block-details is-layout-flow wp-block-details-is-layout-flow\"><summary><strong>Mit\u00e4 ottaa mukaan<\/strong><\/summary>\n<p>Osallistujien tulee tuoda omat joogamatot, viltit tai muut mukavuusv\u00e4lineet (esimerkiksi tyynyt, silm\u00e4laput) sessiota varten omassa tilassaan.<\/p>\n\n\n\n<p><strong>Jos sessio pidet\u00e4\u00e4n Nilabindu Hyvinvointitilassa, jokaiselle osallistujalle tarjotaan joogamatto, pieni tyyny ja viltti.<\/strong><\/p>\n<\/details>\n\n\n\n<details class=\"wp-block-details is-layout-flow wp-block-details-is-layout-flow\"><summary><strong>Varaus- ja maksuehdot<\/strong><br><\/summary>\n<p>Kun l\u00e4het\u00e4t tiedustelun, l\u00e4het\u00e4mme sinulle kaikki tiedot, mukaan lukien hinnan, ehdot ja varausohjeet, jotta kaikki sujuu selke\u00e4sti ja vaivattomasti.<\/p>\n<\/details>\n\n\n\n<p><strong>Varaa sessiosi t\u00e4n\u00e4\u00e4n<\/strong><br>Luo tiimillesi hetki rauhaa ja keskittymist\u00e4! \u00c4\u00e4nimatkat ovat t\u00e4ydellinen tapa edist\u00e4\u00e4 rentoutumista, hyvinvointia ja yhteytt\u00e4.<\/p>\n\n\n\n<p class=\"has-text-align-left\">\u00c4\u00e4nimatkat tarjoavat lukuisia hy\u00f6tyj\u00e4 yksil\u00f6ille ja ryhmille, erityisesti yritysymp\u00e4rist\u00f6ss\u00e4. Ne auttavat:<\/p>\n\n\n\n<p class=\"has-text-align-left translation-block\">- <strong>Stressin lievitys<\/strong>: Rentouttava tapa rauhoittaa mieli ja keho.<br>- <strong>Mielen kirkastaminen<\/strong>: Syv\u00e4 rentoutustila auttaa h\u00e4lvent\u00e4m\u00e4\u00e4n ajatusten sumua, parantaen keskittymist\u00e4 ja luovuutta.<br>- <strong>Tiimihengen vahvistaminen<\/strong>: Yhdess\u00e4 koettu istunto luo vahvempia yhteyksi\u00e4 ja yhteenkuuluvuuden tunnetta.<\/p>\n<\/div>\n\n\n\n<div class=\"wp-block-column is-layout-flow wp-block-column-is-layout-flow\"><\/div>\n\n\n\n<div class=\"wp-block-column is-layout-flow wp-block-column-is-layout-flow\" style=\"flex-basis:50%\">\n<div class=\"wp-block-uagb-container uagb-block-9894c00d\">\n<div class=\"wp-block-uagb-forms uagb-forms__outer-wrap uagb-block-7a50a0a4 uagb-forms__medium-btn\"><form class=\"uagb-forms-main-form\" method=\"post\" autocomplete=\"on\" name=\"uagb-form-7a50a0a4\" action=\"\">\n<div class=\"wp-block-uagb-forms-accept uagb-forms-accept-wrap uagb-forms-field-set uagb-block-ccfad2ab\"><input type=\"checkbox\" name=\"ccfad2ab\" value=\"Agree\" class=\"uagb-forms-checkbox\" id=\"uagb-forms-accept-ccfad2ab\"\/><label name=\"ccfad2ab\" for=\"uagb-forms-accept-ccfad2ab\" class=\"uagb-forms-accept-label\" id=\"ccfad2ab\">Yksityisryhm\u00e4<\/label><br\/><\/div>\n\n\n\n<div class=\"wp-block-uagb-forms-accept uagb-forms-accept-wrap uagb-forms-field-set uagb-block-41679a53\"><input type=\"checkbox\" name=\"41679a53\" value=\"Agree\" class=\"uagb-forms-checkbox\" id=\"uagb-forms-accept-41679a53\"\/><label name=\"41679a53\" for=\"uagb-forms-accept-41679a53\" class=\"uagb-forms-accept-label\" id=\"41679a53\">Yritysryhm\u00e4<\/label><br\/><\/div>\n\n\n\n<div class=\"wp-block-uagb-forms-name uagb-forms-name-wrap uagb-forms-field-set uagb-block-3952e37f\"><div class=\"uagb-forms-name-label required uagb-forms-input-label\" id=\"3952e37f\">Etunimi \/ Sukunimi<\/div><input type=\"text\" placeholder=\"Jo\" required class=\"uagb-forms-name-input uagb-forms-input\" name=\"3952e37f\" autocomplete=\"given-name\"\/><\/div>\n\n\n\n<div class=\"wp-block-uagb-forms-name uagb-forms-name-wrap uagb-forms-field-set uagb-block-f1a67d83\"><div class=\"uagb-forms-name-label  uagb-forms-input-label\" id=\"f1a67d83\">Yrityksen nimi<\/div><input type=\"text\" placeholder=\"Nilabindu\" class=\"uagb-forms-name-input uagb-forms-input\" name=\"f1a67d83\" autocomplete=\"organization\"\/><\/div>\n\n\n\n<div class=\"wp-block-uagb-forms-email uagb-forms-email-wrap uagb-forms-field-set uagb-block-d6eb20a0\"><div class=\"uagb-forms-email-label required uagb-forms-input-label\" id=\"d6eb20a0\">S\u00e4hk\u00f6posti<\/div><input type=\"email\" class=\"uagb-forms-email-input uagb-forms-input\" placeholder=\"esimerkki@mail.com\" required name=\"d6eb20a0\" autocomplete=\"email\"\/><\/div>\n\n\n\n<div class=\"wp-block-uagb-forms-textarea uagb-forms-textarea-wrap uagb-forms-field-set uagb-block-d2003ac8\"><div class=\"uagb-forms-textarea-label required uagb-forms-input-label\" id=\"d2003ac8\">Viesti<\/div><textarea required class=\"uagb-forms-textarea-input uagb-forms-input\" rows=\"4\" placeholder=\"Ilmoitathan toivomasi p\u00e4iv\u00e4m\u00e4\u00e4r\u00e4n, ajan, ryhm\u00e4n koon, lis\u00e4palvelu (jos sovellettavissa), sek\u00e4 istunnon sijainnin.\" name=\"d2003ac8\" autocomplete=\"off\"><\/textarea><\/div>\n\n\n\n<div class=\"wp-block-uagb-forms-accept uagb-forms-accept-wrap uagb-forms-field-set uagb-block-34f3b8f5\"><input type=\"checkbox\" name=\"34f3b8f5\" required value=\"Agree\" class=\"uagb-forms-checkbox\" id=\"uagb-forms-accept-34f3b8f5\"\/><label name=\"34f3b8f5\" for=\"uagb-forms-accept-34f3b8f5\" class=\"uagb-forms-accept-label required\" id=\"34f3b8f5\">Olen lukenut ja hyv\u00e4ksyn tietosuojak\u00e4yt\u00e4nn\u00f6n sek\u00e4 k\u00e4ytt\u00f6ehdot.<\/label><br\/><\/div>\n\n\n\n<div class=\"wp-block-uagb-forms-accept uagb-forms-accept-wrap uagb-forms-field-set uagb-block-6e00ddd3\"><input type=\"checkbox\" name=\"6e00ddd3\" value=\"Agree\" class=\"uagb-forms-checkbox\" id=\"uagb-forms-accept-6e00ddd3\"\/><label name=\"6e00ddd3\" for=\"uagb-forms-accept-6e00ddd3\" class=\"uagb-forms-accept-label\" id=\"6e00ddd3\">L\u00e4hett\u00e4\u00e4 minulle uutisia ja tarjouksia s\u00e4hk\u00f6postiini<\/label><br\/><\/div>\n<div class=\"uagb-forms-form-hidden-data\"><input type=\"hidden\" class=\"uagb_forms_form_label\" value=\"Spectra Form\"\/><input type=\"hidden\" class=\"uagb_forms_form_id\" value=\"uagb-form-7a50a0a4\"\/><\/div><div class=\"uagb-form-reacaptcha-error-7a50a0a4\"><\/div><div class=\"uagb-forms-main-submit-button-wrap wp-block-button\"><button class=\"uagb-forms-main-submit-button wp-block-button__link\"><div class=\"uagb-forms-main-submit-button-text\">L\u00e4het\u00e4<\/div><\/button><\/div><input type=\"hidden\" name=\"trp-form-language\" value=\"fi\"\/><\/form><div class=\"uagb-forms-success-message-7a50a0a4 uagb-forms-submit-message-hide\"><span>The form has been submitted successfully!<\/span><\/div><div class=\"uagb-forms-failed-message-7a50a0a4 uagb-forms-submit-message-hide\"><span>There has been some error while submitting the form. Please verify all form fields again.<\/span><\/div><\/div>\n\n\n\n<p style=\"border-style:none;border-width:0px;margin-top:0;margin-bottom:0\"><a href=\"https:\/\/nilabindu.com\/fi\/privacy-policy\/\" title=\"\"><span style=\"text-decoration: underline;\">Tietosuojak\u00e4yt\u00e4nt\u00f6<\/span><\/a> <strong>|<\/strong> <a href=\"https:\/\/nilabindu.com\/fi\/terms-and-conditions\/\" title=\"\"><span style=\"text-decoration: underline;\">K\u00e4ytt\u00f6ehdot<\/span><\/a><\/p>\n<\/div>\n\n\n\n<div class=\"wp-block-uagb-image aligncenter uagb-block-7f2114f4 wp-block-uagb-image--layout-default wp-block-uagb-image--effect-zoomin wp-block-uagb-image--align-center\"><figure class=\"wp-block-uagb-image__figure\"><img decoding=\"async\" srcset=\"https:\/\/nilabindu.com\/wp-content\/uploads\/2025\/06\/FB_IMG_1741013345788-289x300.jpg ,https:\/\/nilabindu.com\/wp-content\/uploads\/2025\/06\/FB_IMG_1741013345788.jpg 780w, https:\/\/nilabindu.com\/wp-content\/uploads\/2025\/06\/FB_IMG_1741013345788.jpg 360w\" sizes=\"auto, (max-width: 480px) 150px\" src=\"https:\/\/nilabindu.com\/wp-content\/uploads\/2025\/06\/FB_IMG_1741013345788-289x300.jpg\" alt=\"\" class=\"uag-image-2213\" width=\"389\" height=\"400\" title=\"FB_IMG_1741013345788\" loading=\"lazy\" role=\"img\"\/><\/figure><\/div>\n<\/div>\n<\/div>\n<\/div>\n<\/div><\/div>\n\n\n\n<div class=\"wp-block-uagb-container uagb-block-0dbb3e96 alignfull uagb-is-root-container\"><div class=\"uagb-container__shape uagb-container__shape-top\"><svg xmlns=\"https:\/\/www.w3.org\/2000\/svg\" viewbox=\"0 0 2600 131.1\" preserveaspectratio=\"none\"><path class=\"uagb-container__shape-fill\" d=\"M0 0L2600 0 2600 69.1 0 0z\"><\/path><path class=\"uagb-container__shape-fill\" opacity=\"0.5\" d=\"M0 0L2600 0 2600 69.1 0 69.1z\"><\/path><path class=\"uagb-container__shape-fill\" opacity=\"0.25\" d=\"M2600 0L0 0 0 130.1 2600 69.1z\"><\/path><\/svg><\/div><\/div>\n\n\n\n<p><\/p>","protected":false},"excerpt":{"rendered":"<p>Available languages:&nbsp;English, Finnish, and Spanish. Experience relaxation with your group or teamOur private and corporate Sound Journey group sessions offer a unique way to unwind, reduce stress, and recharge. Whether you are planning a corporate session, a team-building event, or simply want to offer your group a moment of calm, our sessions are designed to [&hellip;]<\/p>","protected":false},"author":1,"featured_media":2750,"parent":0,"menu_order":0,"comment_status":"closed","ping_status":"closed","template":"","meta":{"om_disable_all_campaigns":false,"_uag_custom_page_level_css":"","_monsterinsights_skip_tracking":false,"_monsterinsights_sitenote_active":false,"_monsterinsights_sitenote_note":"","_monsterinsights_sitenote_category":0,"site-sidebar-layout":"no-sidebar","site-content-layout":"plain-container","ast-site-content-layout":"normal-width-container","site-content-style":"unboxed","site-sidebar-style":"unboxed","ast-global-header-display":"","ast-banner-title-visibility":"","ast-main-header-display":"","ast-hfb-above-header-display":"","ast-hfb-below-header-display":"","ast-hfb-mobile-header-display":"","site-post-title":"disabled","ast-breadcrumbs-content":"","ast-featured-img":"disabled","footer-sml-layout":"","ast-disable-related-posts":"","theme-transparent-header-meta":"default","adv-header-id-meta":"","stick-header-meta":"","header-above-stick-meta":"","header-main-stick-meta":"","header-below-stick-meta":"","astra-migrate-meta-layouts":"set","ast-page-background-enabled":"default","ast-page-background-meta":{"desktop":{"background-color":"","background-image":"","background-repeat":"repeat","background-position":"center center","background-size":"auto","background-attachment":"scroll","background-type":"","background-media":"","overlay-type":"","overlay-color":"","overlay-opacity":"","overlay-gradient":""},"tablet":{"background-color":"","background-image":"","background-repeat":"repeat","background-position":"center center","background-size":"auto","background-attachment":"scroll","background-type":"","background-media":"","overlay-type":"","overlay-color":"","overlay-opacity":"","overlay-gradient":""},"mobile":{"background-color":"","background-image":"","background-repeat":"repeat","background-position":"center center","background-size":"auto","background-attachment":"scroll","background-type":"","background-media":"","overlay-type":"","overlay-color":"","overlay-opacity":"","overlay-gradient":""}},"ast-content-background-meta":{"desktop":{"background-color":"var(--ast-global-color-5)","background-image":"","background-repeat":"repeat","background-position":"center center","background-size":"auto","background-attachment":"scroll","background-type":"","background-media":"","overlay-type":"","overlay-color":"","overlay-opacity":"","overlay-gradient":""},"tablet":{"background-color":"var(--ast-global-color-5)","background-image":"","background-repeat":"repeat","background-position":"center center","background-size":"auto","background-attachment":"scroll","background-type":"","background-media":"","overlay-type":"","overlay-color":"","overlay-opacity":"","overlay-gradient":""},"mobile":{"background-color":"var(--ast-global-color-5)","background-image":"","background-repeat":"repeat","background-position":"center center","background-size":"auto","background-attachment":"scroll","background-type":"","background-media":"","overlay-type":"","overlay-color":"","overlay-opacity":"","overlay-gradient":""}},"_glsr_average":0,"_glsr_ranking":0,"_glsr_reviews":0,"footnotes":""},"class_list":["post-2206","page","type-page","status-publish","has-post-thumbnail","hentry"],"aioseo_notices":[],"uagb_featured_image_src":{"full":["https:\/\/nilabindu.com\/wp-content\/uploads\/2025\/06\/InShot_20250404_132145748-2-scaled-e1749979865862.jpg",1660,853,false],"thumbnail":["https:\/\/nilabindu.com\/wp-content\/uploads\/2025\/06\/InShot_20250404_132145748-2-scaled-e1749979865862-150x150.jpg",150,150,true],"medium":["https:\/\/nilabindu.com\/wp-content\/uploads\/2025\/06\/InShot_20250404_132145748-2-scaled-e1749979865862-300x154.jpg",300,154,true],"medium_large":["https:\/\/nilabindu.com\/wp-content\/uploads\/2025\/06\/InShot_20250404_132145748-2-scaled-e1749979865862-768x395.jpg",768,395,true],"large":["https:\/\/nilabindu.com\/wp-content\/uploads\/2025\/06\/InShot_20250404_132145748-2-scaled-e1749979865862-1024x526.jpg",1024,526,true],"1536x1536":["https:\/\/nilabindu.com\/wp-content\/uploads\/2025\/06\/InShot_20250404_132145748-2-scaled-e1749979865862-1536x789.jpg",1536,789,true],"2048x2048":["https:\/\/nilabindu.com\/wp-content\/uploads\/2025\/06\/InShot_20250404_132145748-2-2048x684.jpg",2048,684,true],"trp-custom-language-flag":["https:\/\/nilabindu.com\/wp-content\/uploads\/2025\/06\/InShot_20250404_132145748-2-scaled-e1749979865862-18x9.jpg",18,9,true],"woocommerce_thumbnail":["https:\/\/nilabindu.com\/wp-content\/uploads\/2025\/06\/InShot_20250404_132145748-2-scaled-e1749979865862-300x300.jpg",300,300,true],"woocommerce_single":["https:\/\/nilabindu.com\/wp-content\/uploads\/2025\/06\/InShot_20250404_132145748-2-scaled-e1749979865862-600x308.jpg",600,308,true],"woocommerce_gallery_thumbnail":["https:\/\/nilabindu.com\/wp-content\/uploads\/2025\/06\/InShot_20250404_132145748-2-scaled-e1749979865862-100x100.jpg",100,100,true]},"uagb_author_info":{"display_name":"reikinilabindu@gmail.com","author_link":"https:\/\/nilabindu.com\/fi\/author\/reikinilabindugmail-com\/"},"uagb_comment_info":0,"uagb_excerpt":"Available languages:&nbsp;English, Finnish, and Spanish. Experience relaxation with your group or teamOur private and corporate Sound Journey group sessions offer a unique way to unwind, reduce stress, and recharge. Whether you are planning a corporate session, a team-building event, or simply want to offer your group a moment of calm, our sessions are designed to&hellip;","_links":{"self":[{"href":"https:\/\/nilabindu.com\/fi\/wp-json\/wp\/v2\/pages\/2206","targetHints":{"allow":["GET"]}}],"collection":[{"href":"https:\/\/nilabindu.com\/fi\/wp-json\/wp\/v2\/pages"}],"about":[{"href":"https:\/\/nilabindu.com\/fi\/wp-json\/wp\/v2\/types\/page"}],"author":[{"embeddable":true,"href":"https:\/\/nilabindu.com\/fi\/wp-json\/wp\/v2\/users\/1"}],"replies":[{"embeddable":true,"href":"https:\/\/nilabindu.com\/fi\/wp-json\/wp\/v2\/comments?post=2206"}],"version-history":[{"count":42,"href":"https:\/\/nilabindu.com\/fi\/wp-json\/wp\/v2\/pages\/2206\/revisions"}],"predecessor-version":[{"id":3241,"href":"https:\/\/nilabindu.com\/fi\/wp-json\/wp\/v2\/pages\/2206\/revisions\/3241"}],"wp:featuredmedia":[{"embeddable":true,"href":"https:\/\/nilabindu.com\/fi\/wp-json\/wp\/v2\/media\/2750"}],"wp:attachment":[{"href":"https:\/\/nilabindu.com\/fi\/wp-json\/wp\/v2\/media?parent=2206"}],"curies":[{"name":"wp","href":"https:\/\/api.w.org\/{rel}","templated":true}]}}