{"id":1368,"date":"2025-05-20T17:18:54","date_gmt":"2025-05-20T17:18:54","guid":{"rendered":"https:\/\/nilabindu.com\/about\/"},"modified":"2025-07-27T15:00:26","modified_gmt":"2025-07-27T15:00:26","slug":"about","status":"publish","type":"page","link":"https:\/\/nilabindu.com\/fi\/about\/","title":{"rendered":"Meist\u00e4"},"content":{"rendered":"<div class=\"wp-block-uagb-container uagb-block-f38af031 alignfull uagb-is-root-container\"><div class=\"uagb-container__shape uagb-container__shape-bottom uagb-container__invert\" data-negative=\"false\"><svg xmlns=\"https:\/\/www.w3.org\/2000\/svg\" viewbox=\"0 0 2600 131.1\" preserveaspectratio=\"none\"><path class=\"uagb-container__shape-fill\" d=\"M0 0L2600 0 2600 69.1 0 0z\"><\/path><path class=\"uagb-container__shape-fill\" opacity=\"0.5\" d=\"M0 0L2600 0 2600 69.1 0 69.1z\"><\/path><path class=\"uagb-container__shape-fill\" opacity=\"0.25\" d=\"M2600 0L0 0 0 130.1 2600 69.1z\"><\/path><\/svg><\/div><\/div>\n\n\n\n<div class=\"wp-block-uagb-container uagb-layout-grid uagb-block-af36a3f8 alignfull uagb-is-root-container\"><div class=\"uagb-container-inner-blocks-wrap\">\n<p>NilaBindulla ymm\u00e4rr\u00e4mme, ett\u00e4 hyvinvointi on henkil\u00f6kohtainen matka. Teht\u00e4v\u00e4mme on tukea yksil\u00f6it\u00e4 sis\u00e4isen potentiaalinsa tutkimisessa sek\u00e4 mielen ja kehon harmonian vaalimisessa. Uskomme, ett\u00e4 jokaisella on kyky luoda t\u00e4m\u00e4 tasapaino, ja l\u00e4hestymistapamme perustuu kokemuksiin, jotka kutsuvat sinut reflektoimaan, rentoutumaan ja yhdistym\u00e4\u00e4n itseesi. Tarjoamme ainutlaatuisen mahdollisuuden itsens\u00e4 l\u00f6yt\u00e4miseen turvallisessa ja kannustavassa ymp\u00e4rist\u00f6ss\u00e4, jossa voit edet\u00e4 omassa tahdissasi.<\/p>\n<\/div><\/div>\n\n\n\n<div class=\"wp-block-uagb-container uagb-block-a518e2fd alignfull uagb-is-root-container\"><div class=\"uagb-container__shape uagb-container__shape-top\"><svg xmlns=\"https:\/\/www.w3.org\/2000\/svg\" viewbox=\"0 0 700 10\" preserveaspectratio=\"none\"><path class=\"uagb-container__shape-fill\" d=\"M350,10L340,0h20L350,10z\"><\/path><\/svg><\/div><div class=\"uagb-container__shape uagb-container__shape-bottom uagb-container__invert\" data-negative=\"false\"><svg xmlns=\"https:\/\/www.w3.org\/2000\/svg\" viewbox=\"0 0 2600 131.1\" preserveaspectratio=\"none\"><path class=\"uagb-container__shape-fill\" d=\"M0 0L2600 0 2600 69.1 0 0z\"><\/path><path class=\"uagb-container__shape-fill\" opacity=\"0.5\" d=\"M0 0L2600 0 2600 69.1 0 69.1z\"><\/path><path class=\"uagb-container__shape-fill\" opacity=\"0.25\" d=\"M2600 0L0 0 0 130.1 2600 69.1z\"><\/path><\/svg><\/div><\/div>\n\n\n\n<div class=\"wp-block-uagb-container uagb-block-318b6e29 alignfull uagb-is-root-container\"><div class=\"uagb-container-inner-blocks-wrap\"><h2 style=\"border-style:none;border-width:0px; margin-top:var(--wp--preset--spacing--60);margin-bottom:var(--wp--preset--spacing--60);margin-left:0;margin-right:0;\" class=\"has-text-align-center wp-block-post-title\">Meist\u00e4<\/h2>\n\n\n<div class=\"wp-block-uagb-container uagb-block-1ecea4b8\">\n<div class=\"wp-block-columns is-layout-flex wp-container-core-columns-is-layout-28f84493 wp-block-columns-is-layout-flex\">\n<div class=\"wp-block-column is-layout-flow wp-block-column-is-layout-flow\" style=\"flex-basis:50%\">\n<p><\/p>\n\n\n\n<div class=\"wp-block-uagb-image aligncenter uagb-block-7f2114f4 wp-block-uagb-image--layout-default wp-block-uagb-image--effect-zoomin wp-block-uagb-image--align-center\"><figure class=\"wp-block-uagb-image__figure\"><img decoding=\"async\" srcset=\"https:\/\/nilabindu.com\/wp-content\/uploads\/2025\/05\/Nilabindu-homepage-1.gif ,https:\/\/nilabindu.com\/wp-content\/uploads\/2025\/05\/Nilabindu-homepage-1.gif 780w, https:\/\/nilabindu.com\/wp-content\/uploads\/2025\/05\/Nilabindu-homepage-1.gif 360w\" sizes=\"auto, (max-width: 480px) 150px\" src=\"https:\/\/nilabindu.com\/wp-content\/uploads\/2025\/05\/Nilabindu-homepage-1.gif\" alt=\"\" class=\"uag-image-2150\" width=\"864\" height=\"368\" title=\"Nilabindu homepage 1\" loading=\"lazy\" role=\"img\"\/><\/figure><\/div>\n<\/div>\n\n\n\n<div class=\"wp-block-column is-layout-flow wp-block-column-is-layout-flow\" style=\"flex-basis:50%\">\n<p><strong>Jo<\/strong>&nbsp;on NilaBindun sielu ja on kulkenut el\u00e4m\u00e4nmittaisen matkan itsens\u00e4 tutkimiseen ja henkil\u00f6kohtaiseen kasvuun. Jo on nuoresta asti ollut utelias mielen monimuotoisuutta ja erilaisia pyhi\u00e4 harjoituksia kohtaan, jotka voivat lis\u00e4t\u00e4 itsetietoisuutta. T\u00e4m\u00e4 matka on vienyt h\u00e4net monipuolisiin opintoihin useissa maissa, kuten Chiless\u00e4 \ud83c\udde8\ud83c\uddf1, Intiassa \ud83c\uddee\ud83c\uddf3 ja Suomessa \ud83c\uddeb\ud83c\uddee.<\/p>\n\n\n\n<p class=\"translation-block\"><strong>Jo<\/strong> on suorittanut useita sertifikaatteja ja koulutuksia, mukaan lukien, mutta ei rajoittuen seuraaviin:<br>\ud83d\udd39\ufe0fSound Healing -opettajakoulutus<br>\ud83d\udd39\ufe0fRYT 200h: Kundaliini \u2013 Hatha-joogaopettajakoulutus<br>\ud83d\udd39\ufe0fReiki Usui<br>\ud83d\udd39\ufe0fJooga Nidra<br>\ud83d\udd39\ufe0fTzolkin<br>\ud83d\udd39\ufe0fK\u00e4dest\u00e4 ennustaminen<br>\ud83d\udd39\ufe0f10 p\u00e4iv\u00e4n Vipassana-meditaatiokurssi<\/p>\n<\/div>\n<\/div>\n\n\n\n<p>N\u00e4iden lis\u00e4ksi Jo:lla on koulutustausta varhaiskasvatuksen opettajana (kandidaatin tutkinto) sek\u00e4 sovelletun neurotieteen maisterin tutkinto (kasvatustieteiss\u00e4), lis\u00e4ksi h\u00e4n on suorittanut my\u00f6s joitakin psykologian kursseja.<\/p>\n<\/div>\n<\/div><\/div>\n\n\n\n<div class=\"wp-block-uagb-container uagb-block-0dbb3e96 alignfull uagb-is-root-container\"><div class=\"uagb-container__shape uagb-container__shape-top\"><svg xmlns=\"https:\/\/www.w3.org\/2000\/svg\" viewbox=\"0 0 2600 131.1\" preserveaspectratio=\"none\"><path class=\"uagb-container__shape-fill\" d=\"M0 0L2600 0 2600 69.1 0 0z\"><\/path><path class=\"uagb-container__shape-fill\" opacity=\"0.5\" d=\"M0 0L2600 0 2600 69.1 0 69.1z\"><\/path><path class=\"uagb-container__shape-fill\" opacity=\"0.25\" d=\"M2600 0L0 0 0 130.1 2600 69.1z\"><\/path><\/svg><\/div><div class=\"uagb-container__shape uagb-container__shape-bottom uagb-container__invert\" data-negative=\"false\"><svg xmlns=\"https:\/\/www.w3.org\/2000\/svg\" viewbox=\"0 0 2600 131.1\" preserveaspectratio=\"none\"><path class=\"uagb-container__shape-fill\" d=\"M0 0L2600 0 2600 69.1 0 0z\"><\/path><path class=\"uagb-container__shape-fill\" opacity=\"0.5\" d=\"M0 0L2600 0 2600 69.1 0 69.1z\"><\/path><path class=\"uagb-container__shape-fill\" opacity=\"0.25\" d=\"M2600 0L0 0 0 130.1 2600 69.1z\"><\/path><\/svg><\/div><\/div>\n\n\n\n<p><\/p>\n\n\n\n<p class=\"translation-block\">Osana HLBTIQ+ -yhteis\u00f6\u00e4, <strong>Jo<\/strong> pyrkii luomaan kutsuvan ymp\u00e4rist\u00f6n, jossa jokainen taustasta tai identiteetist\u00e4 riippumatta tuntee olonsa tuetuksi matkallaan, edist\u00e4en osallistavaa hyvinvointitilaa Suomessa \ud83c\udff3\ufe0f\u200d\ud83c\udf08\ud83c\udff3\ufe0f\u200d\u26a7\ufe0f\u267e\ufe0f<br><\/p>\n\n\n\n<p><\/p>","protected":false},"excerpt":{"rendered":"<p>At NilaBindu, we recognize that wellness is a personal journey. Our mission is to support individuals in exploring their inner potential and nurturing a harmonious mind-body connection. We believe that everyone has the capacity to cultivate this balance, and our approach is centered around providing experiences that invite you to reflect, unwind, and reconnect with [&hellip;]<\/p>","protected":false},"author":1,"featured_media":2173,"parent":0,"menu_order":0,"comment_status":"closed","ping_status":"closed","template":"","meta":{"om_disable_all_campaigns":false,"_uag_custom_page_level_css":"","_monsterinsights_skip_tracking":false,"_monsterinsights_sitenote_active":false,"_monsterinsights_sitenote_note":"","_monsterinsights_sitenote_category":0,"site-sidebar-layout":"no-sidebar","site-content-layout":"plain-container","ast-site-content-layout":"normal-width-container","site-content-style":"unboxed","site-sidebar-style":"unboxed","ast-global-header-display":"","ast-banner-title-visibility":"","ast-main-header-display":"","ast-hfb-above-header-display":"","ast-hfb-below-header-display":"","ast-hfb-mobile-header-display":"","site-post-title":"disabled","ast-breadcrumbs-content":"","ast-featured-img":"disabled","footer-sml-layout":"","ast-disable-related-posts":"","theme-transparent-header-meta":"default","adv-header-id-meta":"","stick-header-meta":"","header-above-stick-meta":"","header-main-stick-meta":"","header-below-stick-meta":"","astra-migrate-meta-layouts":"set","ast-page-background-enabled":"default","ast-page-background-meta":{"desktop":{"background-color":"","background-image":"","background-repeat":"repeat","background-position":"center center","background-size":"auto","background-attachment":"scroll","background-type":"","background-media":"","overlay-type":"","overlay-color":"","overlay-opacity":"","overlay-gradient":""},"tablet":{"background-color":"","background-image":"","background-repeat":"repeat","background-position":"center center","background-size":"auto","background-attachment":"scroll","background-type":"","background-media":"","overlay-type":"","overlay-color":"","overlay-opacity":"","overlay-gradient":""},"mobile":{"background-color":"","background-image":"","background-repeat":"repeat","background-position":"center center","background-size":"auto","background-attachment":"scroll","background-type":"","background-media":"","overlay-type":"","overlay-color":"","overlay-opacity":"","overlay-gradient":""}},"ast-content-background-meta":{"desktop":{"background-color":"var(--ast-global-color-5)","background-image":"","background-repeat":"repeat","background-position":"center center","background-size":"auto","background-attachment":"scroll","background-type":"","background-media":"","overlay-type":"","overlay-color":"","overlay-opacity":"","overlay-gradient":""},"tablet":{"background-color":"var(--ast-global-color-5)","background-image":"","background-repeat":"repeat","background-position":"center center","background-size":"auto","background-attachment":"scroll","background-type":"","background-media":"","overlay-type":"","overlay-color":"","overlay-opacity":"","overlay-gradient":""},"mobile":{"background-color":"var(--ast-global-color-5)","background-image":"","background-repeat":"repeat","background-position":"center center","background-size":"auto","background-attachment":"scroll","background-type":"","background-media":"","overlay-type":"","overlay-color":"","overlay-opacity":"","overlay-gradient":""}},"_glsr_average":0,"_glsr_ranking":0,"_glsr_reviews":0,"footnotes":""},"class_list":["post-1368","page","type-page","status-publish","has-post-thumbnail","hentry"],"aioseo_notices":[],"uagb_featured_image_src":{"full":["https:\/\/nilabindu.com\/wp-content\/uploads\/2025\/05\/nilabindu-homepage-2.jpeg",1920,816,false],"thumbnail":["https:\/\/nilabindu.com\/wp-content\/uploads\/2025\/05\/nilabindu-homepage-2-150x150.jpeg",150,150,true],"medium":["https:\/\/nilabindu.com\/wp-content\/uploads\/2025\/05\/nilabindu-homepage-2-300x128.jpeg",300,128,true],"medium_large":["https:\/\/nilabindu.com\/wp-content\/uploads\/2025\/05\/nilabindu-homepage-2-768x326.jpeg",768,326,true],"large":["https:\/\/nilabindu.com\/wp-content\/uploads\/2025\/05\/nilabindu-homepage-2-1024x435.jpeg",1024,435,true],"1536x1536":["https:\/\/nilabindu.com\/wp-content\/uploads\/2025\/05\/nilabindu-homepage-2-1536x653.jpeg",1536,653,true],"2048x2048":["https:\/\/nilabindu.com\/wp-content\/uploads\/2025\/05\/nilabindu-homepage-2.jpeg",1920,816,false],"trp-custom-language-flag":["https:\/\/nilabindu.com\/wp-content\/uploads\/2025\/05\/nilabindu-homepage-2-18x8.jpeg",18,8,true],"woocommerce_thumbnail":["https:\/\/nilabindu.com\/wp-content\/uploads\/2025\/05\/nilabindu-homepage-2-300x300.jpeg",300,300,true],"woocommerce_single":["https:\/\/nilabindu.com\/wp-content\/uploads\/2025\/05\/nilabindu-homepage-2-600x255.jpeg",600,255,true],"woocommerce_gallery_thumbnail":["https:\/\/nilabindu.com\/wp-content\/uploads\/2025\/05\/nilabindu-homepage-2-100x100.jpeg",100,100,true]},"uagb_author_info":{"display_name":"reikinilabindu@gmail.com","author_link":"https:\/\/nilabindu.com\/fi\/author\/reikinilabindugmail-com\/"},"uagb_comment_info":0,"uagb_excerpt":"At NilaBindu, we recognize that wellness is a personal journey. Our mission is to support individuals in exploring their inner potential and nurturing a harmonious mind-body connection. We believe that everyone has the capacity to cultivate this balance, and our approach is centered around providing experiences that invite you to reflect, unwind, and reconnect with&hellip;","_links":{"self":[{"href":"https:\/\/nilabindu.com\/fi\/wp-json\/wp\/v2\/pages\/1368","targetHints":{"allow":["GET"]}}],"collection":[{"href":"https:\/\/nilabindu.com\/fi\/wp-json\/wp\/v2\/pages"}],"about":[{"href":"https:\/\/nilabindu.com\/fi\/wp-json\/wp\/v2\/types\/page"}],"author":[{"embeddable":true,"href":"https:\/\/nilabindu.com\/fi\/wp-json\/wp\/v2\/users\/1"}],"replies":[{"embeddable":true,"href":"https:\/\/nilabindu.com\/fi\/wp-json\/wp\/v2\/comments?post=1368"}],"version-history":[{"count":35,"href":"https:\/\/nilabindu.com\/fi\/wp-json\/wp\/v2\/pages\/1368\/revisions"}],"predecessor-version":[{"id":2566,"href":"https:\/\/nilabindu.com\/fi\/wp-json\/wp\/v2\/pages\/1368\/revisions\/2566"}],"wp:featuredmedia":[{"embeddable":true,"href":"https:\/\/nilabindu.com\/fi\/wp-json\/wp\/v2\/media\/2173"}],"wp:attachment":[{"href":"https:\/\/nilabindu.com\/fi\/wp-json\/wp\/v2\/media?parent=1368"}],"curies":[{"name":"wp","href":"https:\/\/api.w.org\/{rel}","templated":true}]}}